{"id":1187,"date":"2020-11-12T23:13:57","date_gmt":"2020-11-12T22:13:57","guid":{"rendered":"http:\/\/club-polygone.com\/?page_id=1187"},"modified":"2022-07-22T11:21:56","modified_gmt":"2022-07-22T09:21:56","slug":"services","status":"publish","type":"page","link":"https:\/\/club-polygone.com\/index.php\/services\/","title":{"rendered":"Les Polygoniens"},"content":{"rendered":"\t\t<div data-elementor-type=\"wp-page\" data-elementor-id=\"1187\" class=\"elementor elementor-1187\" data-elementor-settings=\"[]\">\n\t\t\t\t\t\t<div class=\"elementor-inner\">\n\t\t\t\t\t\t\t<div class=\"elementor-section-wrap\">\n\t\t\t\t\t\t\t<section class=\"elementor-section elementor-top-section elementor-element elementor-element-5b231081 elementor-section-boxed elementor-section-height-default elementor-section-height-default\" data-id=\"5b231081\" data-element_type=\"section\">\n\t\t\t\t\t\t<div class=\"elementor-container elementor-column-gap-default\">\n\t\t\t\t\t\t\t<div class=\"elementor-row\">\n\t\t\t\t\t<div class=\"elementor-column elementor-col-100 elementor-top-column elementor-element elementor-element-6352b62c\" data-id=\"6352b62c\" data-element_type=\"column\">\n\t\t\t<div class=\"elementor-column-wrap elementor-element-populated\">\n\t\t\t\t\t\t\t<div class=\"elementor-widget-wrap\">\n\t\t\t\t\t\t<div class=\"elementor-element elementor-element-638dd0a4 elementor-widget elementor-widget-text-editor\" data-id=\"638dd0a4\" data-element_type=\"widget\" data-widget_type=\"text-editor.default\">\n\t\t\t\t<div class=\"elementor-widget-container\">\n\t\t\t\t\t<div class=\"elementor-text-editor elementor-clearfix\"><p><!-- wp:fl-builder\/layout --><\/p>\n<h1>\n\t\t\t\t\tPolygone fonctionne \u00e0 plusieurs !<br>\t\t\t\t<\/h1>\n<h4>Le club Polygone r\u00e9unit diff\u00e9rents entrepreneurs libres et ind\u00e9pendants de la r\u00e9gion de l\u2019Oise<\/h4>\n<h2>\n\t\t\t\t\tL&#8217;Equipe de Polygone<br>\t\t\t\t<\/h2>\n<blockquote>\n<h3><strong>&#8220;C\u2019est au travail d\u2019\u00e9quipe qu\u2019en revient le m\u00e9rite&#8221;<\/strong><\/h3>\n<\/blockquote>\n<ul>\n<li>\n<h4>Les r\u00e9unions<\/h4>\n<p><\/p>\n<h5>Le club se r\u00e9unit <strong>tous les vendredis matin<\/strong> (de 8h \u00e0 9h) autour d\u2019un petit-d\u00e9jeuner qui se tiens dans un m\u00eame lieu : Apremont<\/h5>\n<p><\/p>\n<\/li>\n<\/ul>\n<ul>\n<li>\n<h4>Devenir Polygonien<\/h4>\n<blockquote>\n<h4><strong>\u00ab Se r\u00e9unir est un d\u00e9but, rester ensemble est un progr\u00e8s, travailler ensemble est la r\u00e9ussite \u00bb<\/strong><\/h4>\n<\/blockquote>\n<h5>&nbsp;<\/h5>\n<h5>Devenir Poygonien c&#8217;est avant tout un choix avantageux pour <strong>soi-m\u00eame et son entreprise<\/strong><\/h5>\n<p><\/p>\n<\/li>\n<\/ul>\n<h2>\n\t\t\t\t\tAmbassadeurs Polygone<br>\t\t\t\t<\/h2>\n<p>\t\t\t\t<img decoding=\"async\" src=\"http:\/\/club-polygone.com\/wp-content\/uploads\/2020\/11\/Capture-de\u0301cran-2020-11-12-a\u0300-11.58.01-223x300.png\" alt=\"Florence CHOURAQUI\" itemprop=\"image\"><\/p>\n<h4>\n\t\t\t\t\tFlorence CHOURAQUI<br>\t\t\t\t<\/h4>\n<h5><strong>Pr\u00e9sidente<\/strong><\/h5>\n<p>\t\t\t\t<img decoding=\"async\" src=\"http:\/\/club-polygone.com\/wp-content\/uploads\/2020\/11\/2340727-225x300.jpg\" alt=\"Pierre TRYJEFACZKA\" itemprop=\"image\"><\/p>\n<h4>\n\t\t\t\t\tPierre TRYJEFACZKA<br>\t\t\t\t<\/h4>\n<h5><strong>Vice-Pr\u00e9sidente<\/strong><\/h5>\n<p>\t\t\t\t<img decoding=\"async\" src=\"http:\/\/club-polygone.com\/wp-content\/uploads\/2020\/11\/2295160-240x300.jpg\" alt=\"Marine\" itemprop=\"image\"><\/p>\n<h4>\n\t\t\t\t\tMarine RUBIGNY<br>\t\t\t\t<\/h4>\n<h5><strong>Tr\u00e9sori\u00e8re<\/strong><\/h5>\n<p>\t\t\t\t<img decoding=\"async\" src=\"http:\/\/club-polygone.com\/wp-content\/uploads\/2020\/11\/MGL3689_servane_burel-200x300.jpg\" alt=\"_MGL3689_servane_burel\" itemprop=\"image\"><\/p>\n<h4>\n\t\t\t\t\tServane BUREL<br>\t\t\t\t<\/h4>\n<h5><strong>Secr\u00e9taire<\/strong><\/h5>\n<h2>\n\t\t\t\t\tLes Polygoniens<br>\t\t\t\t<\/h2>\n<p>\t\t\t\t<img decoding=\"async\" src=\"\" alt=\"\" itemprop=\"image\"><\/p>\n<h2>\n\t\t\t\t<\/h2>\n<ul>\n<li>\n\t\t\t\t<img decoding=\"async\" src=\"http:\/\/club-polygone.com\/wp-content\/uploads\/2020\/11\/logo-bullitt-deuxieme-essai_28-09-2020.jpg\" alt=\"Logo Bullitt Partners\" itemprop=\"image\"><p><\/p>\n<h4><\/h4>\n<p><\/p>\n<h6><strong><a href=\"http:\/\/club-polygone.com\/index.php\/bullitt-partners\/\"><img loading=\"lazy\" decoding=\"async\" src=\"http:\/\/club-polygone.com\/wp-content\/uploads\/2020\/11\/Logo2-300x153.jpg\" alt=\"\" width=\"141\" height=\"72\"><\/a>Portage Salarial<br><\/strong><strong>Florence CHOURAQUI<br><\/strong><a href=\"mailto:info@bullitt-partners.com\">info@bullitt-partners.com<\/a> | <a href=\"https:\/\/www.bullitt-partners.com\">www.bullitt-partners.co<\/a>m<\/h6>\n<\/li>\n<li>\n<h6><strong><a href=\"http:\/\/www.societepage.fr\"><img loading=\"lazy\" decoding=\"async\" src=\"http:\/\/club-polygone.com\/wp-content\/uploads\/2020\/11\/Logo-encadre\u0301.png\" alt=\"logo page\" width=\"158\" height=\"83\"><\/a>Sp\u00e9cialiste de la Paie et de l\u2019Administration<br><\/strong><strong>Isabelle PROUST<br><\/strong><a href=\"mailto:contact@societepage.fr\">contact@societepage.fr<\/a> |&nbsp;<a href=\"http:\/\/www.societepage.fr\">www.societepage.f<\/a>r<\/h6>\n<\/li>\n<li>\n<h4><\/h4>\n<h6><strong><a href=\"http:\/\/club-polygone.com\/?page_id=1410\"><img loading=\"lazy\" decoding=\"async\" src=\"http:\/\/club-polygone.com\/wp-content\/uploads\/2020\/11\/PhilippeFroment-227x300.png\" alt=\"\" width=\"125\" height=\"165\"><\/a><\/strong><strong><p><\/p>\n<\/strong><p><strong><\/strong><\/p>\n<p><strong><\/strong><\/p>\n<p><strong>Peinture int\u00e9rieur et ext\u00e9rieure<\/strong><br><strong>Philippe Froment<br><\/strong><a href=\"mailto:fro.phil@orange.fr\">fro.phil@orange.fr<\/a> | <a href=\"http:\/\/www.peinture-froment.fr\">www.peinture-froment.fr<\/a><\/p>\n<\/h6>\n<\/li>\n<\/ul>\n<ul>\n<li>\n\t\t\t\t<img decoding=\"async\" src=\"http:\/\/club-polygone.com\/wp-content\/uploads\/2020\/11\/0.png\" alt=\"\" itemprop=\"image\"><p><\/p>\n<h4><\/h4>\n<p><\/p>\n<h6><strong><a href=\"http:\/\/club-polygone.com\/index.php\/cerbere-informatique\/\"><img loading=\"lazy\" decoding=\"async\" src=\"http:\/\/club-polygone.com\/wp-content\/uploads\/2020\/11\/0.png\" alt=\"\" width=\"162\" height=\"162\"><\/a><p><\/p>\n<\/strong><p><strong><\/strong><\/p>\n<p><strong><\/strong><\/p>\n<p><strong>Services informatiques<\/strong><br><a href=\"mailto:contact@cerbere.tech\">contact@cerbere.tech<\/a>&nbsp;| <a href=\"https:\/\/www.cerbere.eu\/\">www.cerbere.eu<\/a><\/p>\n<\/h6>\n<\/li>\n<\/ul>\n<h2>\n\t\t\t\t<\/h2>\n<ul>\n<li>\n\t\t\t\t<img decoding=\"async\" src=\"http:\/\/club-polygone.com\/wp-content\/uploads\/2020\/11\/logo.gif\" alt=\"logo\" itemprop=\"image\"><p><\/p>\n<h4><\/h4>\n<p><\/p>\n<h6><strong><a href=\"http:\/\/club-polygone.com\/index.php\/abat-jour-deco\/\"><img loading=\"lazy\" decoding=\"async\" src=\"http:\/\/club-polygone.com\/wp-content\/uploads\/2020\/11\/logo.gif\" alt=\"\" width=\"175\" height=\"73\"><\/a>Boutique d&#8217;abats-jour<br><\/strong><strong>Aurore JUAREZ<br><\/strong><a href=\"mailto:contact@abat-jour-deco.com\">contact@abat-jour-deco.com<\/a> | <a href=\"http:\/\/www.abat-jour-deco.com\">www.abat-jour-deco.com<\/a><\/h6>\n<p><\/p>\n<\/li>\n<\/ul>\n<ul>\n<li>\n\t\t\t\t<img decoding=\"async\" src=\"http:\/\/club-polygone.com\/wp-content\/uploads\/2020\/11\/logo-caniminet-senlis-ok.jpg\" alt=\"logo Caniminet\" itemprop=\"image\"><p><\/p>\n<h4><\/h4>\n<p><\/p>\n<h6><strong><a href=\"http:\/\/club-polygone.com\/index.php\/cani-minet\/\"><img loading=\"lazy\" decoding=\"async\" src=\"http:\/\/club-polygone.com\/wp-content\/uploads\/2020\/11\/logo-caniminet-senlis-ok-300x150.jpg\" alt=\"logo Caniminet\" width=\"192\" height=\"96\"><\/a>Service de gardiennage animalier<br><\/strong><strong>Marine RUBIGNY<br><\/strong><a href=\"mailto:info@caniminet.com\">info@caniminet.com<\/a> | <a href=\"http:\/\/www.caniminet.com\/\">www.caniminet.com<\/a><\/h6>\n<p><\/p>\n<\/li><li><h6><ul style=\"box-sizing: border-box; border: 0px; font-size: 14px; font-style: normal; font-weight: 400; margin: 0px 0px 1.5em 3em; outline: 0px; padding: 0px; vertical-align: baseline; list-style: disc; color: rgb(122, 122, 122); font-family: Roboto, sans-serif; font-variant-ligatures: normal; font-variant-caps: normal; letter-spacing: normal; orphans: 2; text-align: start; text-indent: 0px; text-transform: none; white-space: normal; widows: 2; word-spacing: 0px; -webkit-text-stroke-width: 0px; background-color: rgb(255, 255, 255); text-decoration-thickness: initial; text-decoration-style: initial; text-decoration-color: initial;\"><li style=\"box-sizing: border-box; border: 0px; font-size: 14px; font-style: inherit; font-weight: inherit; margin: 0px; outline: 0px; padding: 0px; vertical-align: baseline;\"><img decoding=\"async\" src=\"http:\/\/club-polygone.com\/wp-content\/uploads\/2020\/11\/logo-caniminet-senlis-ok.jpg\" alt=\"logo Caniminet\" itemprop=\"image\" style=\"box-sizing: border-box; border: none; height: auto; max-width: 100%; vertical-align: middle; border-radius: 0px; box-shadow: none;\"><p style=\"box-sizing: border-box; border: 0px; font-size: 14px; font-style: inherit; font-weight: inherit; margin: 0px 0px 1.6em; outline: 0px; padding: 0px; vertical-align: baseline;\"><\/p><\/li><\/ul><\/h6><h4 style=\"box-sizing: border-box; border: 0px; font-size: 1.5rem; font-style: inherit; font-weight: 400; margin: 0px 0px 20px; outline: 0px; padding: 0px; vertical-align: baseline; clear: both; color: rgb(104, 25, 31); line-height: 1.5; font-family: &quot;Varela Round&quot;, sans-serif;\"><\/h4><h6><ul style=\"font-size: 14px; font-style: normal; font-weight: 400; color: rgb(122, 122, 122); font-family: Roboto, sans-serif;\"><li style=\"font-size: 14px;\"><p style=\"font-size: 14px;\"><\/p><p style=\"font-size: 14px;\"><\/p><\/li><\/ul><ul style=\"font-size: 14px; font-style: normal; font-weight: 400; color: rgb(122, 122, 122); font-family: Roboto, sans-serif;\"><\/ul><\/h6><h6 style=\"box-sizing: border-box; border: 0px; font-size: 1.07143rem; font-style: inherit; font-weight: 400; margin: 0px 0px 20px; outline: 0px; padding: 0px; vertical-align: baseline; clear: both; color: rgb(104, 25, 31); line-height: 1.7; font-family: &quot;Varela Round&quot;, sans-serif;\"><strong style=\"box-sizing: border-box; border: 0px; font-size: 15px; font-style: inherit; font-weight: 700; margin: 0px; outline: 0px; padding: 0px; vertical-align: baseline;\"><a href=\"http:\/\/club-polygone.com\/index.php\/cani-minet\/\" style=\"box-sizing: border-box; border: 0px; font-size: 1.07143rem; font-style: inherit; font-weight: 400; margin: 0px; outline: 0px; padding: 0px; vertical-align: baseline; background-color: transparent; text-decoration: none; color: rgb(58, 58, 58); transition: all 0.2s linear 0s; box-shadow: none; font-family: &quot;Varela Round&quot;, sans-serif;\"><img loading=\"lazy\" decoding=\"async\" src=\"http:\/\/club-polygone.com\/wp-content\/uploads\/2020\/11\/logo-caniminet-senlis-ok-300x150.jpg\" alt=\"logo Caniminet\" width=\"192\" height=\"96\" style=\"box-sizing: border-box; border: none; height: auto; max-width: 100%; vertical-align: middle; border-radius: 0px; box-shadow: none;\"><\/a>Service de gardiennage animalier<br style=\"box-sizing: border-box;\"><\/strong><strong style=\"box-sizing: border-box; border: 0px; font-size: 15px; font-style: inherit; font-weight: 700; margin: 0px; outline: 0px; padding: 0px; vertical-align: baseline;\">Marine RUBIGNY<br style=\"box-sizing: border-box;\"><\/strong><a href=\"mailto:info@caniminet.com\" style=\"box-sizing: border-box; border: 0px; font-size: 1.07143rem; font-style: inherit; font-weight: 400; margin: 0px; outline: 0px; padding: 0px; vertical-align: baseline; background-color: transparent; text-decoration: none; color: rgb(58, 58, 58); transition: all 0.2s linear 0s; box-shadow: none; font-family: &quot;Varela Round&quot;, sans-serif;\">info@caniminet.com<\/a><span>&nbsp;<\/span>|<span>&nbsp;<\/span><a href=\"http:\/\/www.caniminet.com\/\" style=\"box-sizing: border-box; border: 0px; font-size: 1.07143rem; font-style: inherit; font-weight: 400; margin: 0px; outline: 0px; padding: 0px; vertical-align: baseline; background-color: transparent; text-decoration: none; color: rgb(58, 58, 58); transition: all 0.2s linear 0s; box-shadow: none; font-family: &quot;Varela Round&quot;, sans-serif;\">www.caniminet.com<\/a><\/h6><\/li>\n<\/ul>\n<ul>\n<li>\n\t\t\t\t<img decoding=\"async\" src=\"http:\/\/club-polygone.com\/wp-content\/uploads\/2020\/11\/Logo-elysees-solution.png\" alt=\"Logo-elysees-solution\" itemprop=\"image\"><p><\/p>\n<h4><\/h4>\n<p><\/p>\n<h6>&nbsp;<\/h6>\n<h6>&nbsp;<\/h6>\n<h6><strong><a href=\"http:\/\/club-polygone.com\/index.php\/buroclub\/\"><img loading=\"lazy\" decoding=\"async\" src=\"http:\/\/club-polygone.com\/wp-content\/uploads\/2020\/12\/4_16-300x147.jpg\" alt=\"\" width=\"173\" height=\"85\"><\/a><\/strong><strong>Location de bureaux<br><\/strong><strong>Servane BUREL<br><\/strong><a href=\"https:\/\/www.buro.com\/\">www.buro.com<\/a><\/h6>\n<p><\/p>\n<\/li>\n<\/ul>\n<ul>\n<li>\n\t\t\t\t<img decoding=\"async\" src=\"http:\/\/club-polygone.com\/wp-content\/uploads\/2020\/11\/Logo-elysees-solution.png\" alt=\"Logo-elysees-solution\" itemprop=\"image\"><p><\/p>\n<h4><\/h4>\n<p><\/p>\n<h6><strong><a href=\"http:\/\/club-polygone.com\/index.php\/elysees-solutions\/\"><img loading=\"lazy\" decoding=\"async\" src=\"http:\/\/club-polygone.com\/wp-content\/uploads\/2020\/11\/Logo-elysees-solution-300x257.png\" alt=\"\" width=\"171\" height=\"147\"><\/a><br>Domiciliation d&#8217;entreprise<br><\/strong><strong>Servane BUREL<br><\/strong><a href=\"mailto:senlis@escda.com\">senlis@escda.com<\/a> | <a href=\"mailto:paris@escda.com\">paris@escda.com<\/a> | <a href=\"http:\/\/www.escda.com\">www.escda.com<\/a> | <a href=\"http:\/\/www.DomiciliationEnligne.com\">www.DomiciliationEnligne.com<\/a><\/h6>\n<p><\/p>\n<\/li>\n<\/ul>\n<ul>\n<li>\n\t\t\t\t<img decoding=\"async\" src=\"http:\/\/club-polygone.com\/wp-content\/uploads\/2020\/11\/logo-ateliers-de-precy.jpg\" alt=\"logo ateliers de precy\" itemprop=\"image\"><p><\/p>\n<h4><\/h4>\n<p><\/p>\n<h6><strong><a href=\"http:\/\/club-polygone.com\/index.php\/les-ateliers-de-precy\/\"><img loading=\"lazy\" decoding=\"async\" src=\"http:\/\/club-polygone.com\/wp-content\/uploads\/2020\/11\/logo-ateliers-de-precy.jpg\" alt=\"\" width=\"190\" height=\"146\"><\/a><br>Garage automobile<br><\/strong><strong>Vincent DOUMOUTIER<br><\/strong><a href=\"mailto:automobile.chantilly@gmail.com\">automobile.chantilly@gmail.com<\/a> | <a href=\"http:\/\/www.voitures-sans-permis.e-monsite.com\">www.voitures-sans-permis.e-monsite.com<\/a><\/h6>\n<p><\/p>\n<\/li>\n<\/ul>\n<ul>\n<li>\n\t\t\t\t<img decoding=\"async\" src=\"http:\/\/club-polygone.com\/wp-content\/uploads\/2020\/11\/Capture-de\u0301cran-2020-11-25-a\u0300-11.20.56.jpg\" alt=\"Capture d\u2019e\u0301cran 2020-11-25 a\u0300 11.20.56\" itemprop=\"image\"><p><\/p>\n<h4><\/h4>\n<p><\/p>\n<h6><strong><a href=\"http:\/\/club-polygone.com\/index.php\/sporting-taylor\/\"><img loading=\"lazy\" decoding=\"async\" src=\"http:\/\/club-polygone.com\/wp-content\/uploads\/2020\/11\/Capture-de\u0301cran-2020-11-25-a\u0300-11.20.56-246x300.jpg\" alt=\"\" width=\"143\" height=\"175\"><\/a><p><\/p>\n<\/strong><p><strong><\/strong><\/p>\n<p><strong><\/strong><\/p>\n<p><strong>Fabrication de casaques sur-mesure<br><\/strong><strong>Vincent DUMOUTIER<br><\/strong><a href=\"mailto:sporting-taylor@gmail.com\">sporting-taylor@gmail.com<\/a> | <a href=\"http:\/\/www.casaquesenligne.com\">www.casaquesenligne.com<\/a><\/p>\n<\/h6>\n<\/li>\n<\/ul>\n<ul>\n<li>\n\t\t\t\t<img decoding=\"async\" src=\"http:\/\/club-polygone.com\/wp-content\/uploads\/2020\/11\/1200px-AXA_Logo.svg.png\" alt=\"1200px-AXA_Logo.svg\" itemprop=\"image\"><p><\/p>\n<h4><\/h4>\n<p><\/p>\n<h6><strong><a href=\"http:\/\/club-polygone.com\/index.php\/axa\/\"><img loading=\"lazy\" decoding=\"async\" src=\"http:\/\/club-polygone.com\/wp-content\/uploads\/2020\/11\/1200px-AXA_Logo.svg-300x300.png\" alt=\"\" width=\"116\" height=\"116\"><\/a><\/strong><strong>Assurance<br><\/strong><strong>Pierre TRYJEFACZKA<br><\/strong><a href=\"mailto:agencea2p.pierre.tryjefaczka@axa.fr\">agencea2p.pierre.tryjefaczka@axa.fr<\/a> | <a href=\"https:\/\/www.axa.fr\/\">www.axa.fr&nbsp;<\/a><\/h6>\n<h6>&nbsp;<\/h6>\n<h6>&nbsp;<\/h6>\n<p><\/p>\n<\/li>\n<\/ul>\n<h3>\n\t\tVous souhaitez nous rejoindre ?<br>\t<\/h3>\n<h6>Rejoindre Polygone c&#8217;est devenir un Polygonien motiv\u00e9 et pleins d&#8217;ambitions !<\/h6>\n<p>\t\t\t<a href=\"http:\/\/club-polygone.com\/index.php\/contact\/\" target=\"_self\" role=\"button\" rel=\"noopener noreferrer\"><br>\t\t\t\t\t\t\tREJOINDRE LE CLUB<br>\t\t\t\t\t<\/a><br><!-- \/wp:fl-builder\/layout --><\/p><\/div>\n\t\t\t\t<\/div>\n\t\t\t\t<\/div>\n\t\t\t\t\t\t<\/div>\n\t\t\t\t\t<\/div>\n\t\t<\/div>\n\t\t\t\t\t\t\t\t<\/div>\n\t\t\t\t\t<\/div>\n\t\t<\/section>\n\t\t\t\t\t\t<\/div>\n\t\t\t\t\t\t<\/div>\n\t\t\t\t\t<\/div>\n\t\t","protected":false},"excerpt":{"rendered":"<p>Polygone fonctionne \u00e0 plusieurs ! Le club Polygone r\u00e9unit des chefs d&#8217;entreprises de la r\u00e9gion Sud Oise L&#8217;Equipe de Polygone &#8220;C&#8217;est au travail d&#8217;\u00e9quipe qu&#8217;en revient le m\u00e9rite&#8221; Les r\u00e9unions 4 rencontres par mois ! \u00a0 Le club se r\u00e9unit tous les vendredis matin de 8 h \u00e0 9 h autour d&#8217;un petit-d\u00e9jeuner qui se &hellip;<\/p>\n<p class=\"read-more\"> <a class=\"\" href=\"https:\/\/club-polygone.com\/index.php\/services\/\"> <span class=\"screen-reader-text\">Les Polygoniens<\/span> Read More &raquo;<\/a><\/p>\n","protected":false},"author":1,"featured_media":0,"parent":0,"menu_order":0,"comment_status":"closed","ping_status":"closed","template":"","meta":{"footnotes":""},"class_list":["post-1187","page","type-page","status-publish","hentry"],"yoast_head":"<!-- This site is optimized with the Yoast SEO plugin v15.9.1 - https:\/\/yoast.com\/wordpress\/plugins\/seo\/ -->\n<title>Les Polygoniens - Club Polygone<\/title>\n<link rel=\"canonical\" href=\"https:\/\/club-polygone.com\/index.php\/services\/\" \/>\n<meta property=\"og:locale\" content=\"en_US\" \/>\n<meta property=\"og:type\" content=\"article\" \/>\n<meta property=\"og:title\" content=\"Les Polygoniens - Club Polygone\" \/>\n<meta property=\"og:description\" content=\"Polygone fonctionne \u00e0 plusieurs ! Le club Polygone r\u00e9unit des chefs d&#8217;entreprises de la r\u00e9gion Sud Oise L&#8217;Equipe de Polygone &#8220;C&#8217;est au travail d&#8217;\u00e9quipe qu&#8217;en revient le m\u00e9rite&#8221; Les r\u00e9unions 4 rencontres par mois ! \u00a0 Le club se r\u00e9unit tous les vendredis matin de 8 h \u00e0 9 h autour d&#8217;un petit-d\u00e9jeuner qui se &hellip; Les Polygoniens Read More &raquo;\" \/>\n<meta property=\"og:url\" content=\"https:\/\/club-polygone.com\/index.php\/services\/\" \/>\n<meta property=\"og:site_name\" content=\"Club Polygone\" \/>\n<meta property=\"article:modified_time\" content=\"2022-07-22T09:21:56+00:00\" \/>\n<meta property=\"og:image\" content=\"http:\/\/club-polygone.com\/wp-content\/uploads\/2020\/11\/Capture-de\u0301cran-2020-11-12-a\u0300-11.58.01-223x300.png\" \/>\n<meta name=\"twitter:card\" content=\"summary_large_image\" \/>\n<meta name=\"twitter:label1\" content=\"Est. reading time\">\n\t<meta name=\"twitter:data1\" content=\"7 minutes\">\n<script type=\"application\/ld+json\" class=\"yoast-schema-graph\">{\"@context\":\"https:\/\/schema.org\",\"@graph\":[{\"@type\":\"WebSite\",\"@id\":\"https:\/\/club-polygone.com\/#website\",\"url\":\"https:\/\/club-polygone.com\/\",\"name\":\"Club Polygone\",\"description\":\"Un r\\u00e9seau d&#039;entreprise \",\"potentialAction\":[{\"@type\":\"SearchAction\",\"target\":\"https:\/\/club-polygone.com\/?s={search_term_string}\",\"query-input\":\"required name=search_term_string\"}],\"inLanguage\":\"en-US\"},{\"@type\":\"ImageObject\",\"@id\":\"https:\/\/club-polygone.com\/index.php\/services\/#primaryimage\",\"inLanguage\":\"en-US\",\"url\":\"http:\/\/club-polygone.com\/wp-content\/uploads\/2020\/11\/Capture-de\\u0301cran-2020-11-12-a\\u0300-11.58.01-223x300.png\"},{\"@type\":\"WebPage\",\"@id\":\"https:\/\/club-polygone.com\/index.php\/services\/#webpage\",\"url\":\"https:\/\/club-polygone.com\/index.php\/services\/\",\"name\":\"Les Polygoniens - Club Polygone\",\"isPartOf\":{\"@id\":\"https:\/\/club-polygone.com\/#website\"},\"primaryImageOfPage\":{\"@id\":\"https:\/\/club-polygone.com\/index.php\/services\/#primaryimage\"},\"datePublished\":\"2020-11-12T22:13:57+00:00\",\"dateModified\":\"2022-07-22T09:21:56+00:00\",\"breadcrumb\":{\"@id\":\"https:\/\/club-polygone.com\/index.php\/services\/#breadcrumb\"},\"inLanguage\":\"en-US\",\"potentialAction\":[{\"@type\":\"ReadAction\",\"target\":[\"https:\/\/club-polygone.com\/index.php\/services\/\"]}]},{\"@type\":\"BreadcrumbList\",\"@id\":\"https:\/\/club-polygone.com\/index.php\/services\/#breadcrumb\",\"itemListElement\":[{\"@type\":\"ListItem\",\"position\":1,\"item\":{\"@type\":\"WebPage\",\"@id\":\"https:\/\/club-polygone.com\/\",\"url\":\"https:\/\/club-polygone.com\/\",\"name\":\"Accueil\"}},{\"@type\":\"ListItem\",\"position\":2,\"item\":{\"@type\":\"WebPage\",\"@id\":\"https:\/\/club-polygone.com\/index.php\/services\/\",\"url\":\"https:\/\/club-polygone.com\/index.php\/services\/\",\"name\":\"Les Polygoniens\"}}]}]}<\/script>\n<!-- \/ Yoast SEO plugin. -->","_links":{"self":[{"href":"https:\/\/club-polygone.com\/index.php\/wp-json\/wp\/v2\/pages\/1187","targetHints":{"allow":["GET"]}}],"collection":[{"href":"https:\/\/club-polygone.com\/index.php\/wp-json\/wp\/v2\/pages"}],"about":[{"href":"https:\/\/club-polygone.com\/index.php\/wp-json\/wp\/v2\/types\/page"}],"author":[{"embeddable":true,"href":"https:\/\/club-polygone.com\/index.php\/wp-json\/wp\/v2\/users\/1"}],"replies":[{"embeddable":true,"href":"https:\/\/club-polygone.com\/index.php\/wp-json\/wp\/v2\/comments?post=1187"}],"version-history":[{"count":89,"href":"https:\/\/club-polygone.com\/index.php\/wp-json\/wp\/v2\/pages\/1187\/revisions"}],"predecessor-version":[{"id":1659,"href":"https:\/\/club-polygone.com\/index.php\/wp-json\/wp\/v2\/pages\/1187\/revisions\/1659"}],"wp:attachment":[{"href":"https:\/\/club-polygone.com\/index.php\/wp-json\/wp\/v2\/media?parent=1187"}],"curies":[{"name":"wp","href":"https:\/\/api.w.org\/{rel}","templated":true}]}}