{"id":1352,"date":"2020-11-26T13:46:53","date_gmt":"2020-11-26T12:46:53","guid":{"rendered":"http:\/\/club-polygone.com\/?page_id=1352"},"modified":"2020-11-26T14:20:45","modified_gmt":"2020-11-26T13:20:45","slug":"bullitt-partners","status":"publish","type":"page","link":"https:\/\/club-polygone.com\/index.php\/bullitt-partners\/","title":{"rendered":"Bullitt Partners"},"content":{"rendered":"\t\t<div data-elementor-type=\"wp-page\" data-elementor-id=\"1352\" class=\"elementor elementor-1352\" data-elementor-settings=\"[]\">\n\t\t\t\t\t\t<div class=\"elementor-inner\">\n\t\t\t\t\t\t\t<div class=\"elementor-section-wrap\">\n\t\t\t\t\t\t\t<section class=\"elementor-section elementor-top-section elementor-element elementor-element-5d076f9 elementor-section-boxed elementor-section-height-default elementor-section-height-default\" data-id=\"5d076f9\" data-element_type=\"section\">\n\t\t\t\t\t\t<div class=\"elementor-container elementor-column-gap-default\">\n\t\t\t\t\t\t\t<div class=\"elementor-row\">\n\t\t\t\t\t<div class=\"elementor-column elementor-col-50 elementor-top-column elementor-element elementor-element-32cddae\" data-id=\"32cddae\" data-element_type=\"column\">\n\t\t\t<div class=\"elementor-column-wrap elementor-element-populated\">\n\t\t\t\t\t\t\t<div class=\"elementor-widget-wrap\">\n\t\t\t\t\t\t<div class=\"elementor-element elementor-element-a5d9435 elementor-widget elementor-widget-image\" data-id=\"a5d9435\" data-element_type=\"widget\" data-widget_type=\"image.default\">\n\t\t\t\t<div class=\"elementor-widget-container\">\n\t\t\t\t\t<div class=\"elementor-image\">\n\t\t\t\t\t\t\t\t\t\t\t<a href=\"https:\/\/www.bullitt-partners.com\" target=\"_blank\">\n\t\t\t\t\t\t\t<img loading=\"lazy\" decoding=\"async\" width=\"429\" height=\"219\" src=\"https:\/\/club-polygone.com\/wp-content\/uploads\/2020\/11\/Logo2.jpg\" class=\"attachment-1536x1536 size-1536x1536\" alt=\"\" srcset=\"https:\/\/club-polygone.com\/wp-content\/uploads\/2020\/11\/Logo2.jpg 429w, https:\/\/club-polygone.com\/wp-content\/uploads\/2020\/11\/Logo2-300x153.jpg 300w\" sizes=\"auto, (max-width: 429px) 100vw, 429px\" \/>\t\t\t\t\t\t\t\t<\/a>\n\t\t\t\t\t\t\t\t\t\t\t<\/div>\n\t\t\t\t<\/div>\n\t\t\t\t<\/div>\n\t\t\t\t\t\t<\/div>\n\t\t\t\t\t<\/div>\n\t\t<\/div>\n\t\t\t\t<div class=\"elementor-column elementor-col-50 elementor-top-column elementor-element elementor-element-1d84246\" data-id=\"1d84246\" data-element_type=\"column\">\n\t\t\t<div class=\"elementor-column-wrap elementor-element-populated\">\n\t\t\t\t\t\t\t<div class=\"elementor-widget-wrap\">\n\t\t\t\t\t\t<div class=\"elementor-element elementor-element-9262234 elementor-widget elementor-widget-text-editor\" data-id=\"9262234\" data-element_type=\"widget\" data-widget_type=\"text-editor.default\">\n\t\t\t\t<div class=\"elementor-widget-container\">\n\t\t\t\t\t<div class=\"elementor-text-editor elementor-clearfix\"><p><strong><br \/>Florence CHOURAQUI<br \/><\/strong><img loading=\"lazy\" decoding=\"async\" class=\"wp-image-1306 alignnone\" src=\"http:\/\/club-polygone.com\/wp-content\/uploads\/2020\/11\/picto-map.jpg\" alt=\"plan\" width=\"23\" height=\"30\" \/> 1 Place de la Gare, 60500, CHANTILLY<br \/><img loading=\"lazy\" decoding=\"async\" class=\"alignnone wp-image-1309\" src=\"http:\/\/club-polygone.com\/wp-content\/uploads\/2020\/11\/Sans-titre-300x300.png\" alt=\"\" width=\"25\" height=\"25\" srcset=\"https:\/\/club-polygone.com\/wp-content\/uploads\/2020\/11\/Sans-titre-300x300.png 300w, https:\/\/club-polygone.com\/wp-content\/uploads\/2020\/11\/Sans-titre-150x150.png 150w, https:\/\/club-polygone.com\/wp-content\/uploads\/2020\/11\/Sans-titre.png 500w\" sizes=\"auto, (max-width: 25px) 100vw, 25px\" \/> 03 44 58 10 95<br \/><a href=\"mailto:info@bullitt-partners.com\">info@bullitt-partners.com<\/a> | <a href=\"https:\/\/www.bullitt-partners.com\" data-wplink-edit=\"true\">www.bullitt-partners.com<\/a><\/p><\/div>\n\t\t\t\t<\/div>\n\t\t\t\t<\/div>\n\t\t\t\t\t\t<\/div>\n\t\t\t\t\t<\/div>\n\t\t<\/div>\n\t\t\t\t\t\t\t\t<\/div>\n\t\t\t\t\t<\/div>\n\t\t<\/section>\n\t\t\t\t<section class=\"elementor-section elementor-top-section elementor-element elementor-element-6b00fa83 elementor-section-boxed elementor-section-height-default elementor-section-height-default\" data-id=\"6b00fa83\" data-element_type=\"section\">\n\t\t\t\t\t\t<div class=\"elementor-container elementor-column-gap-default\">\n\t\t\t\t\t\t\t<div class=\"elementor-row\">\n\t\t\t\t\t<div class=\"elementor-column elementor-col-100 elementor-top-column elementor-element elementor-element-3c45b919\" data-id=\"3c45b919\" data-element_type=\"column\">\n\t\t\t<div class=\"elementor-column-wrap elementor-element-populated\">\n\t\t\t\t\t\t\t<div class=\"elementor-widget-wrap\">\n\t\t\t\t\t\t<div class=\"elementor-element elementor-element-39654e59 elementor-widget elementor-widget-text-editor\" data-id=\"39654e59\" data-element_type=\"widget\" data-widget_type=\"text-editor.default\">\n\t\t\t\t<div class=\"elementor-widget-container\">\n\t\t\t\t\t<div class=\"elementor-text-editor elementor-clearfix\"><p style=\"text-align: left;\"><strong>BULLITT PARTNERS, St\u00e9 de portage salarial<\/strong> permet au consultant qui le d\u00e9sire : <br \/><br \/>D\u2019exercer son <strong>activit\u00e9 <\/strong>en toute\u00a0<strong>autonomie<\/strong>\u00a0en facturant ses interventions sous la forme d\u2019honoraires.<br \/>De s\u2019\u00e9pargner le traitement administratif, juridique, fiscal et comptable li\u00e9 \u00e0 l\u2019activit\u00e9 d\u2019ind\u00e9pendant ou de\u00a0freelance.<br \/>De conserver tous les avantages li\u00e9s au\u00a0<strong>statut de salari\u00e9<\/strong>.<\/p>\n<p style=\"text-align: left;\">En d\u2019autres termes, <strong>BULLITT PARTNERS<\/strong> transforme les honoraires en salaires au profit de cadres en transition professionnelle ayant acquis une expertise, des quinquas mais pas que \u2026 ou de ceux qui veulent travailler de fa\u00e7on autonome en effectuant des missions en entreprise.<\/p>\n<p style=\"text-align: left;\"><strong>BULLITT PARTNERS<\/strong>\u00a0\u00e9vite alors de\u00a0cr\u00e9er une entreprise\u00a0ou de s\u2019inscrire comme\u00a0travailleur ind\u00e9pendant\u00a0pour <strong>saisir une ou quelques opportunit\u00e9s<\/strong> de missions de conseil sans perdre par voie de cons\u00e9quence leurs droits aux ASSEDIC.<\/p>\n<!-- wp:fl-builder\/layout \/--><\/div>\n\t\t\t\t<\/div>\n\t\t\t\t<\/div>\n\t\t\t\t\t\t<\/div>\n\t\t\t\t\t<\/div>\n\t\t<\/div>\n\t\t\t\t\t\t\t\t<\/div>\n\t\t\t\t\t<\/div>\n\t\t<\/section>\n\t\t\t\t\t\t<\/div>\n\t\t\t\t\t\t<\/div>\n\t\t\t\t\t<\/div>\n\t\t","protected":false},"excerpt":{"rendered":"<p>Florence CHOURAQUI 1 Place de la Gare, 60500, CHANTILLY 03 44 58 10 95info@bullitt-partners.com | www.bullitt-partners.com BULLITT PARTNERS, St\u00e9 de portage salarial permet au consultant qui le d\u00e9sire : D\u2019exercer son activit\u00e9 en toute\u00a0autonomie\u00a0en facturant ses interventions sous la forme d\u2019honoraires.De s\u2019\u00e9pargner le traitement administratif, juridique, fiscal et comptable li\u00e9 \u00e0 l\u2019activit\u00e9 d\u2019ind\u00e9pendant ou de\u00a0freelance.De &hellip;<\/p>\n<p class=\"read-more\"> <a class=\"\" href=\"https:\/\/club-polygone.com\/index.php\/bullitt-partners\/\"> <span class=\"screen-reader-text\">Bullitt Partners<\/span> Read More &raquo;<\/a><\/p>\n","protected":false},"author":1,"featured_media":0,"parent":0,"menu_order":0,"comment_status":"closed","ping_status":"closed","template":"","meta":{"footnotes":""},"class_list":["post-1352","page","type-page","status-publish","hentry"],"yoast_head":"<!-- This site is optimized with the Yoast SEO plugin v15.9.1 - https:\/\/yoast.com\/wordpress\/plugins\/seo\/ -->\n<title>Bullitt Partners - Club Polygone<\/title>\n<link rel=\"canonical\" href=\"https:\/\/club-polygone.com\/index.php\/bullitt-partners\/\" \/>\n<meta property=\"og:locale\" content=\"en_US\" \/>\n<meta property=\"og:type\" content=\"article\" \/>\n<meta property=\"og:title\" content=\"Bullitt Partners - Club Polygone\" \/>\n<meta property=\"og:description\" content=\"Florence CHOURAQUI 1 Place de la Gare, 60500, CHANTILLY 03 44 58 10 95info@bullitt-partners.com | www.bullitt-partners.com BULLITT PARTNERS, St\u00e9 de portage salarial permet au consultant qui le d\u00e9sire : D\u2019exercer son activit\u00e9 en toute\u00a0autonomie\u00a0en facturant ses interventions sous la forme d\u2019honoraires.De s\u2019\u00e9pargner le traitement administratif, juridique, fiscal et comptable li\u00e9 \u00e0 l\u2019activit\u00e9 d\u2019ind\u00e9pendant ou de\u00a0freelance.De &hellip; Bullitt Partners Read More &raquo;\" \/>\n<meta property=\"og:url\" content=\"https:\/\/club-polygone.com\/index.php\/bullitt-partners\/\" \/>\n<meta property=\"og:site_name\" content=\"Club Polygone\" \/>\n<meta property=\"article:modified_time\" content=\"2020-11-26T13:20:45+00:00\" \/>\n<meta property=\"og:image\" content=\"http:\/\/club-polygone.com\/wp-content\/uploads\/2020\/11\/Logo2.jpg\" \/>\n<meta name=\"twitter:card\" content=\"summary_large_image\" \/>\n<meta name=\"twitter:label1\" content=\"Est. reading time\">\n\t<meta name=\"twitter:data1\" content=\"1 minute\">\n<script type=\"application\/ld+json\" class=\"yoast-schema-graph\">{\"@context\":\"https:\/\/schema.org\",\"@graph\":[{\"@type\":\"WebSite\",\"@id\":\"https:\/\/club-polygone.com\/#website\",\"url\":\"https:\/\/club-polygone.com\/\",\"name\":\"Club Polygone\",\"description\":\"Un r\\u00e9seau d&#039;entreprise \",\"potentialAction\":[{\"@type\":\"SearchAction\",\"target\":\"https:\/\/club-polygone.com\/?s={search_term_string}\",\"query-input\":\"required name=search_term_string\"}],\"inLanguage\":\"en-US\"},{\"@type\":\"ImageObject\",\"@id\":\"https:\/\/club-polygone.com\/index.php\/bullitt-partners\/#primaryimage\",\"inLanguage\":\"en-US\",\"url\":\"http:\/\/club-polygone.com\/wp-content\/uploads\/2020\/11\/Logo2.jpg\"},{\"@type\":\"WebPage\",\"@id\":\"https:\/\/club-polygone.com\/index.php\/bullitt-partners\/#webpage\",\"url\":\"https:\/\/club-polygone.com\/index.php\/bullitt-partners\/\",\"name\":\"Bullitt Partners - Club Polygone\",\"isPartOf\":{\"@id\":\"https:\/\/club-polygone.com\/#website\"},\"primaryImageOfPage\":{\"@id\":\"https:\/\/club-polygone.com\/index.php\/bullitt-partners\/#primaryimage\"},\"datePublished\":\"2020-11-26T12:46:53+00:00\",\"dateModified\":\"2020-11-26T13:20:45+00:00\",\"breadcrumb\":{\"@id\":\"https:\/\/club-polygone.com\/index.php\/bullitt-partners\/#breadcrumb\"},\"inLanguage\":\"en-US\",\"potentialAction\":[{\"@type\":\"ReadAction\",\"target\":[\"https:\/\/club-polygone.com\/index.php\/bullitt-partners\/\"]}]},{\"@type\":\"BreadcrumbList\",\"@id\":\"https:\/\/club-polygone.com\/index.php\/bullitt-partners\/#breadcrumb\",\"itemListElement\":[{\"@type\":\"ListItem\",\"position\":1,\"item\":{\"@type\":\"WebPage\",\"@id\":\"https:\/\/club-polygone.com\/\",\"url\":\"https:\/\/club-polygone.com\/\",\"name\":\"Accueil\"}},{\"@type\":\"ListItem\",\"position\":2,\"item\":{\"@type\":\"WebPage\",\"@id\":\"https:\/\/club-polygone.com\/index.php\/bullitt-partners\/\",\"url\":\"https:\/\/club-polygone.com\/index.php\/bullitt-partners\/\",\"name\":\"Bullitt Partners\"}}]}]}<\/script>\n<!-- \/ Yoast SEO plugin. -->","_links":{"self":[{"href":"https:\/\/club-polygone.com\/index.php\/wp-json\/wp\/v2\/pages\/1352","targetHints":{"allow":["GET"]}}],"collection":[{"href":"https:\/\/club-polygone.com\/index.php\/wp-json\/wp\/v2\/pages"}],"about":[{"href":"https:\/\/club-polygone.com\/index.php\/wp-json\/wp\/v2\/types\/page"}],"author":[{"embeddable":true,"href":"https:\/\/club-polygone.com\/index.php\/wp-json\/wp\/v2\/users\/1"}],"replies":[{"embeddable":true,"href":"https:\/\/club-polygone.com\/index.php\/wp-json\/wp\/v2\/comments?post=1352"}],"version-history":[{"count":30,"href":"https:\/\/club-polygone.com\/index.php\/wp-json\/wp\/v2\/pages\/1352\/revisions"}],"predecessor-version":[{"id":1622,"href":"https:\/\/club-polygone.com\/index.php\/wp-json\/wp\/v2\/pages\/1352\/revisions\/1622"}],"wp:attachment":[{"href":"https:\/\/club-polygone.com\/index.php\/wp-json\/wp\/v2\/media?parent=1352"}],"curies":[{"name":"wp","href":"https:\/\/api.w.org\/{rel}","templated":true}]}}