{"id":1387,"date":"2020-11-26T14:22:44","date_gmt":"2020-11-26T13:22:44","guid":{"rendered":"http:\/\/club-polygone.com\/?page_id=1387"},"modified":"2021-01-12T09:47:58","modified_gmt":"2021-01-12T08:47:58","slug":"pge","status":"publish","type":"page","link":"https:\/\/club-polygone.com\/index.php\/pge\/","title":{"rendered":"P@ge"},"content":{"rendered":"\t\t<div data-elementor-type=\"wp-page\" data-elementor-id=\"1387\" class=\"elementor elementor-1387\" data-elementor-settings=\"[]\">\n\t\t\t\t\t\t<div class=\"elementor-inner\">\n\t\t\t\t\t\t\t<div class=\"elementor-section-wrap\">\n\t\t\t\t\t\t\t<section class=\"elementor-section elementor-top-section elementor-element elementor-element-7fbefa32 elementor-section-boxed elementor-section-height-default elementor-section-height-default\" data-id=\"7fbefa32\" data-element_type=\"section\">\n\t\t\t\t\t\t<div class=\"elementor-container elementor-column-gap-default\">\n\t\t\t\t\t\t\t<div class=\"elementor-row\">\n\t\t\t\t\t<div class=\"elementor-column elementor-col-100 elementor-top-column elementor-element elementor-element-1f1bb17c\" data-id=\"1f1bb17c\" data-element_type=\"column\">\n\t\t\t<div class=\"elementor-column-wrap elementor-element-populated\">\n\t\t\t\t\t\t\t<div class=\"elementor-widget-wrap\">\n\t\t\t\t\t\t<div class=\"elementor-element elementor-element-50bc951e elementor-widget elementor-widget-text-editor\" data-id=\"50bc951e\" data-element_type=\"widget\" data-widget_type=\"text-editor.default\">\n\t\t\t\t<div class=\"elementor-widget-container\">\n\t\t\t\t\t<div class=\"elementor-text-editor elementor-clearfix\"><!-- wp:fl-builder\/layout \/--><\/div>\n\t\t\t\t<\/div>\n\t\t\t\t<\/div>\n\t\t\t\t\t\t<\/div>\n\t\t\t\t\t<\/div>\n\t\t<\/div>\n\t\t\t\t\t\t\t\t<\/div>\n\t\t\t\t\t<\/div>\n\t\t<\/section>\n\t\t\t\t<section class=\"elementor-section elementor-top-section elementor-element elementor-element-beeaab9 elementor-section-boxed elementor-section-height-default elementor-section-height-default\" data-id=\"beeaab9\" data-element_type=\"section\">\n\t\t\t\t\t\t<div class=\"elementor-container elementor-column-gap-default\">\n\t\t\t\t\t\t\t<div class=\"elementor-row\">\n\t\t\t\t\t<div class=\"elementor-column elementor-col-50 elementor-top-column elementor-element elementor-element-c5c4d38\" data-id=\"c5c4d38\" data-element_type=\"column\">\n\t\t\t<div class=\"elementor-column-wrap elementor-element-populated\">\n\t\t\t\t\t\t\t<div class=\"elementor-widget-wrap\">\n\t\t\t\t\t\t<div class=\"elementor-element elementor-element-bd774de elementor-widget elementor-widget-image\" data-id=\"bd774de\" data-element_type=\"widget\" data-widget_type=\"image.default\">\n\t\t\t\t<div class=\"elementor-widget-container\">\n\t\t\t\t\t<div class=\"elementor-image\">\n\t\t\t\t\t\t\t\t\t\t\t<a href=\"http:\/\/www.societepage.fr\" target=\"_blank\">\n\t\t\t\t\t\t\t<img loading=\"lazy\" decoding=\"async\" width=\"173\" height=\"91\" src=\"https:\/\/club-polygone.com\/wp-content\/uploads\/2020\/11\/Logo-encadre\u0301.png\" class=\"attachment-2048x2048 size-2048x2048\" alt=\"logo page\" \/>\t\t\t\t\t\t\t\t<\/a>\n\t\t\t\t\t\t\t\t\t\t\t<\/div>\n\t\t\t\t<\/div>\n\t\t\t\t<\/div>\n\t\t\t\t\t\t<\/div>\n\t\t\t\t\t<\/div>\n\t\t<\/div>\n\t\t\t\t<div class=\"elementor-column elementor-col-50 elementor-top-column elementor-element elementor-element-8bf2f3e\" data-id=\"8bf2f3e\" data-element_type=\"column\">\n\t\t\t<div class=\"elementor-column-wrap elementor-element-populated\">\n\t\t\t\t\t\t\t<div class=\"elementor-widget-wrap\">\n\t\t\t\t\t\t<div class=\"elementor-element elementor-element-7ebe6a9 elementor-widget elementor-widget-text-editor\" data-id=\"7ebe6a9\" data-element_type=\"widget\" data-widget_type=\"text-editor.default\">\n\t\t\t\t<div class=\"elementor-widget-container\">\n\t\t\t\t\t<div class=\"elementor-text-editor elementor-clearfix\"><h5 style=\"font-size: 1.28571rem; font-style: normal; margin-bottom: 0px; color: #3a3a3a;\"><span style=\"font-size: inherit; font-weight: bold; color: inherit; font-family: inherit; line-height: inherit;\">Isabelle PROUST<\/span><\/h5>\n<p style=\"font-size: 14px; font-style: normal; font-weight: 400; font-family: 'Varela Round', sans-serif; line-height: inherit;\"><span style=\"color: rgba(0, 0, 0, 0); font-family: inherit;\"><span style=\"border-style: initial; line-height: inherit; font-weight: inherit;\"><img loading=\"lazy\" decoding=\"async\" class=\"wp-image-1306 alignnone\" style=\"border-width: 0px; border-style: initial; color: inherit; font-family: inherit; font-size: inherit; line-height: inherit; font-weight: inherit;\" src=\"http:\/\/club-polygone.com\/wp-content\/uploads\/2020\/11\/picto-map.jpg\" alt=\"plan\" width=\"23\" height=\"30\" \/><\/span><\/span><span style=\"color: #3a3a3a;\">\u00a0181 Rue Henry Bessemer, 60100, CREIL<\/span><br style=\"color: inherit; font-family: inherit; font-size: inherit; line-height: inherit; font-weight: inherit;\" \/><span style=\"color: rgba(0, 0, 0, 0); font-family: inherit;\"><span style=\"border-style: initial; line-height: inherit; font-weight: inherit;\"><img loading=\"lazy\" decoding=\"async\" class=\"wp-image-1309 alignnone\" style=\"border-width: 0px; border-style: initial; color: inherit; font-family: inherit; font-size: inherit; line-height: inherit; font-weight: inherit;\" src=\"http:\/\/club-polygone.com\/wp-content\/uploads\/2020\/11\/Sans-titre-300x300.png\" sizes=\"auto, (max-width: 25px) 100vw, 25px\" srcset=\"http:\/\/club-polygone.com\/wp-content\/uploads\/2020\/11\/Sans-titre-300x300.png 300w, http:\/\/club-polygone.com\/wp-content\/uploads\/2020\/11\/Sans-titre-150x150.png 150w, http:\/\/club-polygone.com\/wp-content\/uploads\/2020\/11\/Sans-titre.png 500w\" alt=\"\" width=\"25\" height=\"25\" \/><\/span><\/span><span style=\"color: #3a3a3a;\">\u00a003 75 00 75 29 | 06 81 95 71 13<br \/><\/span><a style=\"color: #3a3a3a; font-family: inherit; font-size: inherit; font-style: normal; font-weight: 400; background-color: #ffffff; line-height: inherit;\" href=\"mailto:contact@societepage.fr\">contact@societepage.fr<\/a><span style=\"color: #3a3a3a; font-size: 14px; font-style: normal; font-weight: 400;\">\u00a0|\u00a0<\/span><a style=\"color: #3a3a3a; font-family: inherit; font-size: inherit; font-style: normal; font-weight: 400; background-color: #ffffff; line-height: inherit;\" href=\"http:\/\/www.societepage.fr\/\">www.societepage.fr<\/a><\/p><\/div>\n\t\t\t\t<\/div>\n\t\t\t\t<\/div>\n\t\t\t\t\t\t<\/div>\n\t\t\t\t\t<\/div>\n\t\t<\/div>\n\t\t\t\t\t\t\t\t<\/div>\n\t\t\t\t\t<\/div>\n\t\t<\/section>\n\t\t\t\t<section class=\"elementor-section elementor-top-section elementor-element elementor-element-40461c8 elementor-section-boxed elementor-section-height-default elementor-section-height-default\" data-id=\"40461c8\" data-element_type=\"section\">\n\t\t\t\t\t\t<div class=\"elementor-container elementor-column-gap-default\">\n\t\t\t\t\t\t\t<div class=\"elementor-row\">\n\t\t\t\t\t<div class=\"elementor-column elementor-col-100 elementor-top-column elementor-element elementor-element-53042b8\" data-id=\"53042b8\" data-element_type=\"column\">\n\t\t\t<div class=\"elementor-column-wrap elementor-element-populated\">\n\t\t\t\t\t\t\t<div class=\"elementor-widget-wrap\">\n\t\t\t\t\t\t<div class=\"elementor-element elementor-element-15245e0 elementor-widget elementor-widget-text-editor\" data-id=\"15245e0\" data-element_type=\"widget\" data-widget_type=\"text-editor.default\">\n\t\t\t\t<div class=\"elementor-widget-container\">\n\t\t\t\t\t<div class=\"elementor-text-editor elementor-clearfix\"><p><span style=\"font-size: 15px; font-style: normal; font-weight: bold; color: #3a3a3a; font-family: 'Varela Round', sans-serif; line-height: inherit;\">La soci\u00e9t\u00e9 P@GE,<\/span><span style=\"color: #3a3a3a; font-family: 'Varela Round', sans-serif; font-size: 15px; font-style: normal; font-weight: 400;\">\u00a0<\/span><span style=\"font-size: 15px; font-style: normal; font-weight: bold; color: #3a3a3a; font-family: 'Varela Round', sans-serif; line-height: inherit;\">sp\u00e9cialiste de la Paie et de l\u2019Administration<\/span><span style=\"color: #3a3a3a; font-family: 'Varela Round', sans-serif; font-size: 15px; font-style: normal; font-weight: 400;\">\u00a0du Personnel, prend en charge les diff\u00e9rentes obligations, de l&#8217;embauche des salari\u00e9s \u00e0 leur d\u00e9part, en passant par l&#8217;\u00e9tablissement du bulletin de paie, des d\u00e9clarations et de la gestion du social au sein des TPE\/PME.<\/span><\/p><\/div>\n\t\t\t\t<\/div>\n\t\t\t\t<\/div>\n\t\t\t\t\t\t<\/div>\n\t\t\t\t\t<\/div>\n\t\t<\/div>\n\t\t\t\t\t\t\t\t<\/div>\n\t\t\t\t\t<\/div>\n\t\t<\/section>\n\t\t\t\t\t\t<\/div>\n\t\t\t\t\t\t<\/div>\n\t\t\t\t\t<\/div>\n\t\t","protected":false},"excerpt":{"rendered":"<p>Isabelle PROUST \u00a0181 Rue Henry Bessemer, 60100, CREIL\u00a003 75 00 75 29 | 06 81 95 71 13 contact@societepage.fr\u00a0|\u00a0www.societepage.fr La soci\u00e9t\u00e9 P@GE, sp\u00e9cialiste de la Paie et Administration du Personnel, prend en charge les diff\u00e9rentes obligations, de l&#8217;embauche des salari\u00e9s \u00e0 leur d\u00e9part, en passant par l&#8217;\u00e9tablissement du bulletin de paie, des d\u00e9clarations et de &hellip;<\/p>\n<p class=\"read-more\"> <a class=\"\" href=\"https:\/\/club-polygone.com\/index.php\/pge\/\"> <span class=\"screen-reader-text\">P@ge<\/span> Read More &raquo;<\/a><\/p>\n","protected":false},"author":1,"featured_media":0,"parent":0,"menu_order":0,"comment_status":"closed","ping_status":"closed","template":"","meta":{"footnotes":""},"class_list":["post-1387","page","type-page","status-publish","hentry"],"yoast_head":"<!-- This site is optimized with the Yoast SEO plugin v15.9.1 - https:\/\/yoast.com\/wordpress\/plugins\/seo\/ -->\n<title>P@ge - Club Polygone<\/title>\n<link rel=\"canonical\" href=\"https:\/\/club-polygone.com\/index.php\/pge\/\" \/>\n<meta property=\"og:locale\" content=\"en_US\" \/>\n<meta property=\"og:type\" content=\"article\" \/>\n<meta property=\"og:title\" content=\"P@ge - Club Polygone\" \/>\n<meta property=\"og:description\" content=\"Isabelle PROUST \u00a0181 Rue Henry Bessemer, 60100, CREIL\u00a003 75 00 75 29 | 06 81 95 71 13 contact@societepage.fr\u00a0|\u00a0www.societepage.fr La soci\u00e9t\u00e9 P@GE, sp\u00e9cialiste de la Paie et Administration du Personnel, prend en charge les diff\u00e9rentes obligations, de l&#8217;embauche des salari\u00e9s \u00e0 leur d\u00e9part, en passant par l&#8217;\u00e9tablissement du bulletin de paie, des d\u00e9clarations et de &hellip; P@ge Read More &raquo;\" \/>\n<meta property=\"og:url\" content=\"https:\/\/club-polygone.com\/index.php\/pge\/\" \/>\n<meta property=\"og:site_name\" content=\"Club Polygone\" \/>\n<meta property=\"article:modified_time\" content=\"2021-01-12T08:47:58+00:00\" \/>\n<meta property=\"og:image\" content=\"http:\/\/club-polygone.com\/wp-content\/uploads\/2020\/11\/Logo-encadre\u0301.png\" \/>\n<meta name=\"twitter:card\" content=\"summary_large_image\" \/>\n<script type=\"application\/ld+json\" class=\"yoast-schema-graph\">{\"@context\":\"https:\/\/schema.org\",\"@graph\":[{\"@type\":\"WebSite\",\"@id\":\"https:\/\/club-polygone.com\/#website\",\"url\":\"https:\/\/club-polygone.com\/\",\"name\":\"Club Polygone\",\"description\":\"Un r\\u00e9seau d&#039;entreprise \",\"potentialAction\":[{\"@type\":\"SearchAction\",\"target\":\"https:\/\/club-polygone.com\/?s={search_term_string}\",\"query-input\":\"required name=search_term_string\"}],\"inLanguage\":\"en-US\"},{\"@type\":\"ImageObject\",\"@id\":\"https:\/\/club-polygone.com\/index.php\/pge\/#primaryimage\",\"inLanguage\":\"en-US\",\"url\":\"http:\/\/club-polygone.com\/wp-content\/uploads\/2020\/11\/Logo-encadre\\u0301.png\"},{\"@type\":\"WebPage\",\"@id\":\"https:\/\/club-polygone.com\/index.php\/pge\/#webpage\",\"url\":\"https:\/\/club-polygone.com\/index.php\/pge\/\",\"name\":\"P@ge - Club Polygone\",\"isPartOf\":{\"@id\":\"https:\/\/club-polygone.com\/#website\"},\"primaryImageOfPage\":{\"@id\":\"https:\/\/club-polygone.com\/index.php\/pge\/#primaryimage\"},\"datePublished\":\"2020-11-26T13:22:44+00:00\",\"dateModified\":\"2021-01-12T08:47:58+00:00\",\"breadcrumb\":{\"@id\":\"https:\/\/club-polygone.com\/index.php\/pge\/#breadcrumb\"},\"inLanguage\":\"en-US\",\"potentialAction\":[{\"@type\":\"ReadAction\",\"target\":[\"https:\/\/club-polygone.com\/index.php\/pge\/\"]}]},{\"@type\":\"BreadcrumbList\",\"@id\":\"https:\/\/club-polygone.com\/index.php\/pge\/#breadcrumb\",\"itemListElement\":[{\"@type\":\"ListItem\",\"position\":1,\"item\":{\"@type\":\"WebPage\",\"@id\":\"https:\/\/club-polygone.com\/\",\"url\":\"https:\/\/club-polygone.com\/\",\"name\":\"Accueil\"}},{\"@type\":\"ListItem\",\"position\":2,\"item\":{\"@type\":\"WebPage\",\"@id\":\"https:\/\/club-polygone.com\/index.php\/pge\/\",\"url\":\"https:\/\/club-polygone.com\/index.php\/pge\/\",\"name\":\"P@ge\"}}]}]}<\/script>\n<!-- \/ Yoast SEO plugin. -->","_links":{"self":[{"href":"https:\/\/club-polygone.com\/index.php\/wp-json\/wp\/v2\/pages\/1387","targetHints":{"allow":["GET"]}}],"collection":[{"href":"https:\/\/club-polygone.com\/index.php\/wp-json\/wp\/v2\/pages"}],"about":[{"href":"https:\/\/club-polygone.com\/index.php\/wp-json\/wp\/v2\/types\/page"}],"author":[{"embeddable":true,"href":"https:\/\/club-polygone.com\/index.php\/wp-json\/wp\/v2\/users\/1"}],"replies":[{"embeddable":true,"href":"https:\/\/club-polygone.com\/index.php\/wp-json\/wp\/v2\/comments?post=1387"}],"version-history":[{"count":7,"href":"https:\/\/club-polygone.com\/index.php\/wp-json\/wp\/v2\/pages\/1387\/revisions"}],"predecessor-version":[{"id":1518,"href":"https:\/\/club-polygone.com\/index.php\/wp-json\/wp\/v2\/pages\/1387\/revisions\/1518"}],"wp:attachment":[{"href":"https:\/\/club-polygone.com\/index.php\/wp-json\/wp\/v2\/media?parent=1387"}],"curies":[{"name":"wp","href":"https:\/\/api.w.org\/{rel}","templated":true}]}}