{"id":1398,"date":"2020-11-26T14:33:17","date_gmt":"2020-11-26T13:33:17","guid":{"rendered":"http:\/\/club-polygone.com\/?page_id=1398"},"modified":"2021-01-12T10:06:13","modified_gmt":"2021-01-12T09:06:13","slug":"cerbere-informatique","status":"publish","type":"page","link":"https:\/\/club-polygone.com\/index.php\/cerbere-informatique\/","title":{"rendered":"Cerb\u00e8re Informatique"},"content":{"rendered":"\t\t<div data-elementor-type=\"wp-page\" data-elementor-id=\"1398\" class=\"elementor elementor-1398\" data-elementor-settings=\"[]\">\n\t\t\t\t\t\t<div class=\"elementor-inner\">\n\t\t\t\t\t\t\t<div class=\"elementor-section-wrap\">\n\t\t\t\t\t\t\t<section class=\"elementor-section elementor-top-section elementor-element elementor-element-8b6cc3e elementor-section-boxed elementor-section-height-default elementor-section-height-default\" data-id=\"8b6cc3e\" data-element_type=\"section\">\n\t\t\t\t\t\t<div class=\"elementor-container elementor-column-gap-default\">\n\t\t\t\t\t\t\t<div class=\"elementor-row\">\n\t\t\t\t\t<div class=\"elementor-column elementor-col-50 elementor-top-column elementor-element elementor-element-a46ab4f\" data-id=\"a46ab4f\" data-element_type=\"column\">\n\t\t\t<div class=\"elementor-column-wrap elementor-element-populated\">\n\t\t\t\t\t\t\t<div class=\"elementor-widget-wrap\">\n\t\t\t\t\t\t<div class=\"elementor-element elementor-element-fa45fc1 elementor-widget elementor-widget-image\" data-id=\"fa45fc1\" data-element_type=\"widget\" data-widget_type=\"image.default\">\n\t\t\t\t<div class=\"elementor-widget-container\">\n\t\t\t\t\t<div class=\"elementor-image\">\n\t\t\t\t\t\t\t\t\t\t\t<a href=\"http:\/\/www.cerbere.eu\" target=\"_blank\">\n\t\t\t\t\t\t\t<img loading=\"lazy\" decoding=\"async\" width=\"200\" height=\"200\" src=\"https:\/\/club-polygone.com\/wp-content\/uploads\/2020\/11\/0.png\" class=\"attachment-2048x2048 size-2048x2048\" alt=\"\" srcset=\"https:\/\/club-polygone.com\/wp-content\/uploads\/2020\/11\/0.png 200w, https:\/\/club-polygone.com\/wp-content\/uploads\/2020\/11\/0-150x150.png 150w\" sizes=\"auto, (max-width: 200px) 100vw, 200px\" \/>\t\t\t\t\t\t\t\t<\/a>\n\t\t\t\t\t\t\t\t\t\t\t<\/div>\n\t\t\t\t<\/div>\n\t\t\t\t<\/div>\n\t\t\t\t\t\t<\/div>\n\t\t\t\t\t<\/div>\n\t\t<\/div>\n\t\t\t\t<div class=\"elementor-column elementor-col-50 elementor-top-column elementor-element elementor-element-524a298\" data-id=\"524a298\" data-element_type=\"column\">\n\t\t\t<div class=\"elementor-column-wrap elementor-element-populated\">\n\t\t\t\t\t\t\t<div class=\"elementor-widget-wrap\">\n\t\t\t\t\t\t<div class=\"elementor-element elementor-element-6e46e2a elementor-widget elementor-widget-text-editor\" data-id=\"6e46e2a\" data-element_type=\"widget\" data-widget_type=\"text-editor.default\">\n\t\t\t\t<div class=\"elementor-widget-container\">\n\t\t\t\t\t<div class=\"elementor-text-editor elementor-clearfix\"><p style=\"font-size: 14px; font-style: normal; font-weight: 400; color: #3a3a3a; font-family: 'Varela Round', sans-serif; line-height: inherit;\"><br \/><br \/><img loading=\"lazy\" decoding=\"async\" class=\"wp-image-1306 alignnone\" style=\"border-width: 0px; border-style: initial; color: inherit; font-family: inherit; font-size: inherit; line-height: inherit; font-weight: inherit;\" src=\"http:\/\/club-polygone.com\/wp-content\/uploads\/2020\/11\/picto-map.jpg\" alt=\"plan\" width=\"23\" height=\"30\" \/>\u00a0101 Rue du Conn\u00e9table, 60500, CHANTILLY<br style=\"color: inherit; font-family: inherit; font-size: inherit; line-height: inherit; font-weight: inherit;\" \/><img loading=\"lazy\" decoding=\"async\" class=\"wp-image-1309 alignnone\" style=\"border-width: 0px; border-style: initial; color: inherit; font-family: inherit; font-size: inherit; line-height: inherit; font-weight: inherit;\" src=\"http:\/\/club-polygone.com\/wp-content\/uploads\/2020\/11\/Sans-titre-300x300.png\" sizes=\"auto, (max-width: 25px) 100vw, 25px\" srcset=\"http:\/\/club-polygone.com\/wp-content\/uploads\/2020\/11\/Sans-titre-300x300.png 300w, http:\/\/club-polygone.com\/wp-content\/uploads\/2020\/11\/Sans-titre-150x150.png 150w, http:\/\/club-polygone.com\/wp-content\/uploads\/2020\/11\/Sans-titre.png 500w\" alt=\"\" width=\"25\" height=\"25\" \/>\u00a003 75 00 33 33<\/p>\n<p style=\"font-size: 14px; font-style: normal; font-weight: 400; margin-bottom: 0px; color: #3a3a3a; font-family: 'Varela Round', sans-serif; line-height: inherit;\"><a style=\"font-size: inherit; font-family: inherit; line-height: inherit;\" href=\"mailto:contact@cerbere.tech\">contact@cerbere.tech<\/a>\u00a0|\u00a0<a style=\"font-size: inherit; font-family: inherit; line-height: inherit;\" href=\"https:\/\/www.cerbere.eu\/\">www.cerbere.eu<\/a><\/p><\/div>\n\t\t\t\t<\/div>\n\t\t\t\t<\/div>\n\t\t\t\t\t\t<\/div>\n\t\t\t\t\t<\/div>\n\t\t<\/div>\n\t\t\t\t\t\t\t\t<\/div>\n\t\t\t\t\t<\/div>\n\t\t<\/section>\n\t\t\t\t<section class=\"elementor-section elementor-top-section elementor-element elementor-element-13b94715 elementor-section-boxed elementor-section-height-default elementor-section-height-default\" data-id=\"13b94715\" data-element_type=\"section\">\n\t\t\t\t\t\t<div class=\"elementor-container elementor-column-gap-default\">\n\t\t\t\t\t\t\t<div class=\"elementor-row\">\n\t\t\t\t\t<div class=\"elementor-column elementor-col-100 elementor-top-column elementor-element elementor-element-6d728f44\" data-id=\"6d728f44\" data-element_type=\"column\">\n\t\t\t<div class=\"elementor-column-wrap elementor-element-populated\">\n\t\t\t\t\t\t\t<div class=\"elementor-widget-wrap\">\n\t\t\t\t\t\t<div class=\"elementor-element elementor-element-534ce7b7 elementor-widget elementor-widget-text-editor\" data-id=\"534ce7b7\" data-element_type=\"widget\" data-widget_type=\"text-editor.default\">\n\t\t\t\t<div class=\"elementor-widget-container\">\n\t\t\t\t\t<div class=\"elementor-text-editor elementor-clearfix\"><!-- wp:fl-builder\/layout \/--><\/div>\n\t\t\t\t<\/div>\n\t\t\t\t<\/div>\n\t\t\t\t\t\t<\/div>\n\t\t\t\t\t<\/div>\n\t\t<\/div>\n\t\t\t\t\t\t\t\t<\/div>\n\t\t\t\t\t<\/div>\n\t\t<\/section>\n\t\t\t\t<section class=\"elementor-section elementor-top-section elementor-element elementor-element-949c8a7 elementor-section-boxed elementor-section-height-default elementor-section-height-default\" data-id=\"949c8a7\" data-element_type=\"section\">\n\t\t\t\t\t\t<div class=\"elementor-container elementor-column-gap-default\">\n\t\t\t\t\t\t\t<div class=\"elementor-row\">\n\t\t\t\t\t<div class=\"elementor-column elementor-col-100 elementor-top-column elementor-element elementor-element-b54d95c\" data-id=\"b54d95c\" data-element_type=\"column\">\n\t\t\t<div class=\"elementor-column-wrap elementor-element-populated\">\n\t\t\t\t\t\t\t<div class=\"elementor-widget-wrap\">\n\t\t\t\t\t\t<div class=\"elementor-element elementor-element-b7b9ab2 elementor-widget elementor-widget-text-editor\" data-id=\"b7b9ab2\" data-element_type=\"widget\" data-widget_type=\"text-editor.default\">\n\t\t\t\t<div class=\"elementor-widget-container\">\n\t\t\t\t\t<div class=\"elementor-text-editor elementor-clearfix\"><h6 style=\"font-size: 1.07143rem; font-style: normal; margin-bottom: 0px; color: #3a3a3a;\"><span style=\"font-size: inherit; font-weight: bold; color: inherit; font-family: inherit; line-height: inherit;\">Cerb\u00e8re informatique<\/span>\u00a0est une\u00a0<span style=\"font-size: inherit; font-weight: bold; color: inherit; font-family: inherit; line-height: inherit;\">\u00e9quipe de passionn\u00e9s<\/span>\u00a0dont l&#8217;objectif est d&#8217;<span style=\"font-size: inherit; font-weight: bold; color: inherit; font-family: inherit; line-height: inherit;\">am\u00e9liorer la vie de chacun \u00e0 l&#8217;aide de produits innovants<\/span>.<\/h6>\n<h6 style=\"font-size: 1.07143rem; font-style: normal; margin-bottom: 0px; color: #3a3a3a;\">Nous concevons des gammes de produits adapt\u00e9s aux petites et moyennes entreprises pour allier\u00a0<span style=\"font-size: inherit; font-weight: bold; color: inherit; font-family: inherit; line-height: inherit;\">performance, fiabilit\u00e9 et s\u00e9curit\u00e9<\/span>.\u00a0<\/h6><\/div>\n\t\t\t\t<\/div>\n\t\t\t\t<\/div>\n\t\t\t\t\t\t<\/div>\n\t\t\t\t\t<\/div>\n\t\t<\/div>\n\t\t\t\t\t\t\t\t<\/div>\n\t\t\t\t\t<\/div>\n\t\t<\/section>\n\t\t\t\t\t\t<\/div>\n\t\t\t\t\t\t<\/div>\n\t\t\t\t\t<\/div>\n\t\t","protected":false},"excerpt":{"rendered":"<p>Cyril Noury \u00a0101 Rue du Conn\u00e9table, 60500, CHANTILLY\u00a003 75 00 33 33 Cerb\u00e8re informatique\u00a0est une\u00a0\u00e9quipe de passionn\u00e9s\u00a0dont l&#8217;objectif est d&#8217;am\u00e9liorer la vie de chacun \u00e0 l&#8217;aide de produits innovants. Nous concevons des gammes de produits adapt\u00e9s aux petites et moyennes entreprises pour allier\u00a0performance, fiabilit\u00e9 et s\u00e9curit\u00e9.<\/p>\n","protected":false},"author":1,"featured_media":0,"parent":0,"menu_order":0,"comment_status":"closed","ping_status":"closed","template":"","meta":{"footnotes":""},"class_list":["post-1398","page","type-page","status-publish","hentry"],"yoast_head":"<!-- This site is optimized with the Yoast SEO plugin v15.9.1 - https:\/\/yoast.com\/wordpress\/plugins\/seo\/ -->\n<title>Cerb\u00e8re Informatique - Club Polygone<\/title>\n<link rel=\"canonical\" href=\"https:\/\/club-polygone.com\/index.php\/cerbere-informatique\/\" \/>\n<meta property=\"og:locale\" content=\"en_US\" \/>\n<meta property=\"og:type\" content=\"article\" \/>\n<meta property=\"og:title\" content=\"Cerb\u00e8re Informatique - Club Polygone\" \/>\n<meta property=\"og:description\" content=\"Cyril Noury \u00a0101 Rue du Conn\u00e9table, 60500, CHANTILLY\u00a003 75 00 33 33 Cerb\u00e8re informatique\u00a0est une\u00a0\u00e9quipe de passionn\u00e9s\u00a0dont l&#8217;objectif est d&#8217;am\u00e9liorer la vie de chacun \u00e0 l&#8217;aide de produits innovants. Nous concevons des gammes de produits adapt\u00e9s aux petites et moyennes entreprises pour allier\u00a0performance, fiabilit\u00e9 et s\u00e9curit\u00e9.\" \/>\n<meta property=\"og:url\" content=\"https:\/\/club-polygone.com\/index.php\/cerbere-informatique\/\" \/>\n<meta property=\"og:site_name\" content=\"Club Polygone\" \/>\n<meta property=\"article:modified_time\" content=\"2021-01-12T09:06:13+00:00\" \/>\n<meta property=\"og:image\" content=\"http:\/\/club-polygone.com\/wp-content\/uploads\/2020\/11\/0.png\" \/>\n<meta name=\"twitter:card\" content=\"summary_large_image\" \/>\n<script type=\"application\/ld+json\" class=\"yoast-schema-graph\">{\"@context\":\"https:\/\/schema.org\",\"@graph\":[{\"@type\":\"WebSite\",\"@id\":\"https:\/\/club-polygone.com\/#website\",\"url\":\"https:\/\/club-polygone.com\/\",\"name\":\"Club Polygone\",\"description\":\"Un r\\u00e9seau d&#039;entreprise \",\"potentialAction\":[{\"@type\":\"SearchAction\",\"target\":\"https:\/\/club-polygone.com\/?s={search_term_string}\",\"query-input\":\"required name=search_term_string\"}],\"inLanguage\":\"en-US\"},{\"@type\":\"ImageObject\",\"@id\":\"https:\/\/club-polygone.com\/index.php\/cerbere-informatique\/#primaryimage\",\"inLanguage\":\"en-US\",\"url\":\"http:\/\/club-polygone.com\/wp-content\/uploads\/2020\/11\/0.png\"},{\"@type\":\"WebPage\",\"@id\":\"https:\/\/club-polygone.com\/index.php\/cerbere-informatique\/#webpage\",\"url\":\"https:\/\/club-polygone.com\/index.php\/cerbere-informatique\/\",\"name\":\"Cerb\\u00e8re Informatique - Club Polygone\",\"isPartOf\":{\"@id\":\"https:\/\/club-polygone.com\/#website\"},\"primaryImageOfPage\":{\"@id\":\"https:\/\/club-polygone.com\/index.php\/cerbere-informatique\/#primaryimage\"},\"datePublished\":\"2020-11-26T13:33:17+00:00\",\"dateModified\":\"2021-01-12T09:06:13+00:00\",\"breadcrumb\":{\"@id\":\"https:\/\/club-polygone.com\/index.php\/cerbere-informatique\/#breadcrumb\"},\"inLanguage\":\"en-US\",\"potentialAction\":[{\"@type\":\"ReadAction\",\"target\":[\"https:\/\/club-polygone.com\/index.php\/cerbere-informatique\/\"]}]},{\"@type\":\"BreadcrumbList\",\"@id\":\"https:\/\/club-polygone.com\/index.php\/cerbere-informatique\/#breadcrumb\",\"itemListElement\":[{\"@type\":\"ListItem\",\"position\":1,\"item\":{\"@type\":\"WebPage\",\"@id\":\"https:\/\/club-polygone.com\/\",\"url\":\"https:\/\/club-polygone.com\/\",\"name\":\"Accueil\"}},{\"@type\":\"ListItem\",\"position\":2,\"item\":{\"@type\":\"WebPage\",\"@id\":\"https:\/\/club-polygone.com\/index.php\/cerbere-informatique\/\",\"url\":\"https:\/\/club-polygone.com\/index.php\/cerbere-informatique\/\",\"name\":\"Cerb\\u00e8re Informatique\"}}]}]}<\/script>\n<!-- \/ Yoast SEO plugin. -->","_links":{"self":[{"href":"https:\/\/club-polygone.com\/index.php\/wp-json\/wp\/v2\/pages\/1398","targetHints":{"allow":["GET"]}}],"collection":[{"href":"https:\/\/club-polygone.com\/index.php\/wp-json\/wp\/v2\/pages"}],"about":[{"href":"https:\/\/club-polygone.com\/index.php\/wp-json\/wp\/v2\/types\/page"}],"author":[{"embeddable":true,"href":"https:\/\/club-polygone.com\/index.php\/wp-json\/wp\/v2\/users\/1"}],"replies":[{"embeddable":true,"href":"https:\/\/club-polygone.com\/index.php\/wp-json\/wp\/v2\/comments?post=1398"}],"version-history":[{"count":9,"href":"https:\/\/club-polygone.com\/index.php\/wp-json\/wp\/v2\/pages\/1398\/revisions"}],"predecessor-version":[{"id":1526,"href":"https:\/\/club-polygone.com\/index.php\/wp-json\/wp\/v2\/pages\/1398\/revisions\/1526"}],"wp:attachment":[{"href":"https:\/\/club-polygone.com\/index.php\/wp-json\/wp\/v2\/media?parent=1398"}],"curies":[{"name":"wp","href":"https:\/\/api.w.org\/{rel}","templated":true}]}}