{"id":1410,"date":"2020-11-27T11:20:00","date_gmt":"2020-11-27T10:20:00","guid":{"rendered":"http:\/\/club-polygone.com\/?page_id=1410"},"modified":"2021-01-12T10:10:11","modified_gmt":"2021-01-12T09:10:11","slug":"philippe-froment","status":"publish","type":"page","link":"https:\/\/club-polygone.com\/index.php\/philippe-froment\/","title":{"rendered":"Philippe Froment"},"content":{"rendered":"\t\t<div data-elementor-type=\"wp-page\" data-elementor-id=\"1410\" class=\"elementor elementor-1410\" data-elementor-settings=\"[]\">\n\t\t\t\t\t\t<div class=\"elementor-inner\">\n\t\t\t\t\t\t\t<div class=\"elementor-section-wrap\">\n\t\t\t\t\t\t\t<section class=\"elementor-section elementor-top-section elementor-element elementor-element-3b65b1dc elementor-section-boxed elementor-section-height-default elementor-section-height-default\" data-id=\"3b65b1dc\" data-element_type=\"section\">\n\t\t\t\t\t\t<div class=\"elementor-container elementor-column-gap-default\">\n\t\t\t\t\t\t\t<div class=\"elementor-row\">\n\t\t\t\t\t<div class=\"elementor-column elementor-col-100 elementor-top-column elementor-element elementor-element-bec201a\" data-id=\"bec201a\" data-element_type=\"column\">\n\t\t\t<div class=\"elementor-column-wrap elementor-element-populated\">\n\t\t\t\t\t\t\t<div class=\"elementor-widget-wrap\">\n\t\t\t\t\t\t<div class=\"elementor-element elementor-element-7785ca23 elementor-widget elementor-widget-text-editor\" data-id=\"7785ca23\" data-element_type=\"widget\" data-widget_type=\"text-editor.default\">\n\t\t\t\t<div class=\"elementor-widget-container\">\n\t\t\t\t\t<div class=\"elementor-text-editor elementor-clearfix\"><!-- wp:fl-builder\/layout \/--><\/div>\n\t\t\t\t<\/div>\n\t\t\t\t<\/div>\n\t\t\t\t\t\t<\/div>\n\t\t\t\t\t<\/div>\n\t\t<\/div>\n\t\t\t\t\t\t\t\t<\/div>\n\t\t\t\t\t<\/div>\n\t\t<\/section>\n\t\t\t\t<section class=\"elementor-section elementor-top-section elementor-element elementor-element-6f10ed6 elementor-section-boxed elementor-section-height-default elementor-section-height-default\" data-id=\"6f10ed6\" data-element_type=\"section\">\n\t\t\t\t\t\t<div class=\"elementor-container elementor-column-gap-default\">\n\t\t\t\t\t\t\t<div class=\"elementor-row\">\n\t\t\t\t\t<div class=\"elementor-column elementor-col-50 elementor-top-column elementor-element elementor-element-10f8ff6\" data-id=\"10f8ff6\" data-element_type=\"column\">\n\t\t\t<div class=\"elementor-column-wrap elementor-element-populated\">\n\t\t\t\t\t\t\t<div class=\"elementor-widget-wrap\">\n\t\t\t\t\t\t<div class=\"elementor-element elementor-element-9dd665e elementor-widget elementor-widget-image\" data-id=\"9dd665e\" data-element_type=\"widget\" data-widget_type=\"image.default\">\n\t\t\t\t<div class=\"elementor-widget-container\">\n\t\t\t\t\t<div class=\"elementor-image\">\n\t\t\t\t\t\t\t\t\t\t\t<a href=\"http:\/\/www.peinture-froment.fr\">\n\t\t\t\t\t\t\t<img decoding=\"async\" src=\"https:\/\/club-polygone.com\/wp-content\/uploads\/2020\/11\/PhilippeFroment.png\" title=\"PhilippeFroment\" alt=\"PhilippeFroment\" \/>\t\t\t\t\t\t\t\t<\/a>\n\t\t\t\t\t\t\t\t\t\t\t<\/div>\n\t\t\t\t<\/div>\n\t\t\t\t<\/div>\n\t\t\t\t\t\t<\/div>\n\t\t\t\t\t<\/div>\n\t\t<\/div>\n\t\t\t\t<div class=\"elementor-column elementor-col-50 elementor-top-column elementor-element elementor-element-7bd9860\" data-id=\"7bd9860\" data-element_type=\"column\">\n\t\t\t<div class=\"elementor-column-wrap elementor-element-populated\">\n\t\t\t\t\t\t\t<div class=\"elementor-widget-wrap\">\n\t\t\t\t\t\t<div class=\"elementor-element elementor-element-01046fc elementor-widget elementor-widget-text-editor\" data-id=\"01046fc\" data-element_type=\"widget\" data-widget_type=\"text-editor.default\">\n\t\t\t\t<div class=\"elementor-widget-container\">\n\t\t\t\t\t<div class=\"elementor-text-editor elementor-clearfix\"><p style=\"text-align: left;\"><strong><br \/>Philippe FROMENT<br \/><\/strong><img loading=\"lazy\" decoding=\"async\" class=\"wp-image-1306 alignnone\" src=\"http:\/\/club-polygone.com\/wp-content\/uploads\/2020\/11\/picto-map.jpg\" alt=\"plan\" width=\"23\" height=\"30\" \/> 23 Rue de la Moulini\u00e8re, 60780, VILLERS-ST-PAUL<br \/><img loading=\"lazy\" decoding=\"async\" class=\"wp-image-1309 alignnone\" src=\"http:\/\/club-polygone.com\/wp-content\/uploads\/2020\/11\/Sans-titre-300x300.png\" alt=\"\" width=\"25\" height=\"25\" srcset=\"https:\/\/club-polygone.com\/wp-content\/uploads\/2020\/11\/Sans-titre-300x300.png 300w, https:\/\/club-polygone.com\/wp-content\/uploads\/2020\/11\/Sans-titre-150x150.png 150w, https:\/\/club-polygone.com\/wp-content\/uploads\/2020\/11\/Sans-titre.png 500w\" sizes=\"auto, (max-width: 25px) 100vw, 25px\" \/> 03 44 71 12 76<br \/><a href=\"mailto:fro.phil@orange.fr\">fro.phil@orange.fr<\/a> | <a href=\"http:\/\/www.peinture-froment.fr\">www.peinture-froment.fr<\/a><\/p><\/div>\n\t\t\t\t<\/div>\n\t\t\t\t<\/div>\n\t\t\t\t\t\t<\/div>\n\t\t\t\t\t<\/div>\n\t\t<\/div>\n\t\t\t\t\t\t\t\t<\/div>\n\t\t\t\t\t<\/div>\n\t\t<\/section>\n\t\t\t\t\t\t<\/div>\n\t\t\t\t\t\t<\/div>\n\t\t\t\t\t<\/div>\n\t\t","protected":false},"excerpt":{"rendered":"<p>Philippe FROMENT 23 Rue de la Moulini\u00e8re, 60780, VILLERS-ST-PAUL 03 44 71 12 76 fro.phil@orange.fr | www.peinture-froment.fr M. Philippe FROMENT, sp\u00e9cialiste de travaux de peintures int\u00e9rieures et ext\u00e8rieures et de rev\u00eatement de sols et murs.<\/p>\n","protected":false},"author":1,"featured_media":0,"parent":0,"menu_order":0,"comment_status":"closed","ping_status":"closed","template":"","meta":{"footnotes":""},"class_list":["post-1410","page","type-page","status-publish","hentry"],"yoast_head":"<!-- This site is optimized with the Yoast SEO plugin v15.9.1 - https:\/\/yoast.com\/wordpress\/plugins\/seo\/ -->\n<title>Philippe Froment - Club Polygone<\/title>\n<link rel=\"canonical\" href=\"https:\/\/club-polygone.com\/index.php\/philippe-froment\/\" \/>\n<meta property=\"og:locale\" content=\"en_US\" \/>\n<meta property=\"og:type\" content=\"article\" \/>\n<meta property=\"og:title\" content=\"Philippe Froment - Club Polygone\" \/>\n<meta property=\"og:description\" content=\"Philippe FROMENT 23 Rue de la Moulini\u00e8re, 60780, VILLERS-ST-PAUL 03 44 71 12 76 fro.phil@orange.fr | www.peinture-froment.fr M. Philippe FROMENT, sp\u00e9cialiste de travaux de peintures int\u00e9rieures et ext\u00e8rieures et de rev\u00eatement de sols et murs.\" \/>\n<meta property=\"og:url\" content=\"https:\/\/club-polygone.com\/index.php\/philippe-froment\/\" \/>\n<meta property=\"og:site_name\" content=\"Club Polygone\" \/>\n<meta property=\"article:modified_time\" content=\"2021-01-12T09:10:11+00:00\" \/>\n<meta property=\"og:image\" content=\"http:\/\/club-polygone.com\/wp-content\/uploads\/elementor\/thumbs\/PhilippeFroment-oyhutmyxt0mokb1ufdg4hqnsfklu77osyfsbdoe052.png\" \/>\n<meta name=\"twitter:card\" content=\"summary_large_image\" \/>\n<script type=\"application\/ld+json\" class=\"yoast-schema-graph\">{\"@context\":\"https:\/\/schema.org\",\"@graph\":[{\"@type\":\"WebSite\",\"@id\":\"https:\/\/club-polygone.com\/#website\",\"url\":\"https:\/\/club-polygone.com\/\",\"name\":\"Club Polygone\",\"description\":\"Un r\\u00e9seau d&#039;entreprise \",\"potentialAction\":[{\"@type\":\"SearchAction\",\"target\":\"https:\/\/club-polygone.com\/?s={search_term_string}\",\"query-input\":\"required name=search_term_string\"}],\"inLanguage\":\"en-US\"},{\"@type\":\"ImageObject\",\"@id\":\"https:\/\/club-polygone.com\/index.php\/philippe-froment\/#primaryimage\",\"inLanguage\":\"en-US\",\"url\":\"http:\/\/club-polygone.com\/wp-content\/uploads\/elementor\/thumbs\/PhilippeFroment-oyhutmyxt0mokb1ufdg4hqnsfklu77osyfsbdoe052.png\"},{\"@type\":\"WebPage\",\"@id\":\"https:\/\/club-polygone.com\/index.php\/philippe-froment\/#webpage\",\"url\":\"https:\/\/club-polygone.com\/index.php\/philippe-froment\/\",\"name\":\"Philippe Froment - Club Polygone\",\"isPartOf\":{\"@id\":\"https:\/\/club-polygone.com\/#website\"},\"primaryImageOfPage\":{\"@id\":\"https:\/\/club-polygone.com\/index.php\/philippe-froment\/#primaryimage\"},\"datePublished\":\"2020-11-27T10:20:00+00:00\",\"dateModified\":\"2021-01-12T09:10:11+00:00\",\"breadcrumb\":{\"@id\":\"https:\/\/club-polygone.com\/index.php\/philippe-froment\/#breadcrumb\"},\"inLanguage\":\"en-US\",\"potentialAction\":[{\"@type\":\"ReadAction\",\"target\":[\"https:\/\/club-polygone.com\/index.php\/philippe-froment\/\"]}]},{\"@type\":\"BreadcrumbList\",\"@id\":\"https:\/\/club-polygone.com\/index.php\/philippe-froment\/#breadcrumb\",\"itemListElement\":[{\"@type\":\"ListItem\",\"position\":1,\"item\":{\"@type\":\"WebPage\",\"@id\":\"https:\/\/club-polygone.com\/\",\"url\":\"https:\/\/club-polygone.com\/\",\"name\":\"Accueil\"}},{\"@type\":\"ListItem\",\"position\":2,\"item\":{\"@type\":\"WebPage\",\"@id\":\"https:\/\/club-polygone.com\/index.php\/philippe-froment\/\",\"url\":\"https:\/\/club-polygone.com\/index.php\/philippe-froment\/\",\"name\":\"Philippe Froment\"}}]}]}<\/script>\n<!-- \/ Yoast SEO plugin. -->","_links":{"self":[{"href":"https:\/\/club-polygone.com\/index.php\/wp-json\/wp\/v2\/pages\/1410","targetHints":{"allow":["GET"]}}],"collection":[{"href":"https:\/\/club-polygone.com\/index.php\/wp-json\/wp\/v2\/pages"}],"about":[{"href":"https:\/\/club-polygone.com\/index.php\/wp-json\/wp\/v2\/types\/page"}],"author":[{"embeddable":true,"href":"https:\/\/club-polygone.com\/index.php\/wp-json\/wp\/v2\/users\/1"}],"replies":[{"embeddable":true,"href":"https:\/\/club-polygone.com\/index.php\/wp-json\/wp\/v2\/comments?post=1410"}],"version-history":[{"count":18,"href":"https:\/\/club-polygone.com\/index.php\/wp-json\/wp\/v2\/pages\/1410\/revisions"}],"predecessor-version":[{"id":1530,"href":"https:\/\/club-polygone.com\/index.php\/wp-json\/wp\/v2\/pages\/1410\/revisions\/1530"}],"wp:attachment":[{"href":"https:\/\/club-polygone.com\/index.php\/wp-json\/wp\/v2\/media?parent=1410"}],"curies":[{"name":"wp","href":"https:\/\/api.w.org\/{rel}","templated":true}]}}