{"id":1440,"date":"2020-11-27T11:44:53","date_gmt":"2020-11-27T10:44:53","guid":{"rendered":"http:\/\/club-polygone.com\/?page_id=1440"},"modified":"2021-01-11T16:35:54","modified_gmt":"2021-01-11T15:35:54","slug":"axa","status":"publish","type":"page","link":"https:\/\/club-polygone.com\/index.php\/axa\/","title":{"rendered":"AXA"},"content":{"rendered":"\t\t<div data-elementor-type=\"wp-page\" data-elementor-id=\"1440\" class=\"elementor elementor-1440\" data-elementor-settings=\"[]\">\n\t\t\t\t\t\t<div class=\"elementor-inner\">\n\t\t\t\t\t\t\t<div class=\"elementor-section-wrap\">\n\t\t\t\t\t\t\t<section class=\"elementor-section elementor-top-section elementor-element elementor-element-285d9f5d elementor-section-boxed elementor-section-height-default elementor-section-height-default\" data-id=\"285d9f5d\" data-element_type=\"section\">\n\t\t\t\t\t\t<div class=\"elementor-container elementor-column-gap-default\">\n\t\t\t\t\t\t\t<div class=\"elementor-row\">\n\t\t\t\t\t<div class=\"elementor-column elementor-col-100 elementor-top-column elementor-element elementor-element-7a51dc69\" data-id=\"7a51dc69\" data-element_type=\"column\">\n\t\t\t<div class=\"elementor-column-wrap elementor-element-populated\">\n\t\t\t\t\t\t\t<div class=\"elementor-widget-wrap\">\n\t\t\t\t\t\t<div class=\"elementor-element elementor-element-7c7350e5 elementor-widget elementor-widget-text-editor\" data-id=\"7c7350e5\" data-element_type=\"widget\" data-widget_type=\"text-editor.default\">\n\t\t\t\t<div class=\"elementor-widget-container\">\n\t\t\t\t\t<div class=\"elementor-text-editor elementor-clearfix\"><!-- wp:fl-builder\/layout \/--><\/div>\n\t\t\t\t<\/div>\n\t\t\t\t<\/div>\n\t\t\t\t\t\t<\/div>\n\t\t\t\t\t<\/div>\n\t\t<\/div>\n\t\t\t\t\t\t\t\t<\/div>\n\t\t\t\t\t<\/div>\n\t\t<\/section>\n\t\t\t\t<section class=\"elementor-section elementor-top-section elementor-element elementor-element-dbea8ed elementor-section-boxed elementor-section-height-default elementor-section-height-default\" data-id=\"dbea8ed\" data-element_type=\"section\">\n\t\t\t\t\t\t<div class=\"elementor-container elementor-column-gap-default\">\n\t\t\t\t\t\t\t<div class=\"elementor-row\">\n\t\t\t\t\t<div class=\"elementor-column elementor-col-50 elementor-top-column elementor-element elementor-element-9776116\" data-id=\"9776116\" data-element_type=\"column\">\n\t\t\t<div class=\"elementor-column-wrap elementor-element-populated\">\n\t\t\t\t\t\t\t<div class=\"elementor-widget-wrap\">\n\t\t\t\t\t\t<div class=\"elementor-element elementor-element-5069ed3 elementor-widget elementor-widget-image\" data-id=\"5069ed3\" data-element_type=\"widget\" data-widget_type=\"image.default\">\n\t\t\t\t<div class=\"elementor-widget-container\">\n\t\t\t\t\t<div class=\"elementor-image\">\n\t\t\t\t\t\t\t\t\t\t\t<a href=\"http:\/\/www.axa.Fr\">\n\t\t\t\t\t\t\t<img decoding=\"async\" src=\"https:\/\/club-polygone.com\/wp-content\/uploads\/2020\/11\/1200px-AXA_Logo.svg.png\" title=\"1200px-AXA_Logo.svg\" alt=\"1200px-AXA_Logo.svg\" \/>\t\t\t\t\t\t\t\t<\/a>\n\t\t\t\t\t\t\t\t\t\t\t<\/div>\n\t\t\t\t<\/div>\n\t\t\t\t<\/div>\n\t\t\t\t\t\t<\/div>\n\t\t\t\t\t<\/div>\n\t\t<\/div>\n\t\t\t\t<div class=\"elementor-column elementor-col-50 elementor-top-column elementor-element elementor-element-5cc1582\" data-id=\"5cc1582\" data-element_type=\"column\">\n\t\t\t<div class=\"elementor-column-wrap elementor-element-populated\">\n\t\t\t\t\t\t\t<div class=\"elementor-widget-wrap\">\n\t\t\t\t\t\t<div class=\"elementor-element elementor-element-8cd5a7d elementor-widget elementor-widget-text-editor\" data-id=\"8cd5a7d\" data-element_type=\"widget\" data-widget_type=\"text-editor.default\">\n\t\t\t\t<div class=\"elementor-widget-container\">\n\t\t\t\t\t<div class=\"elementor-text-editor elementor-clearfix\"><p style=\"text-align: left;\"><strong>Pierre TRYJEFACZKA<br \/><\/strong><img loading=\"lazy\" decoding=\"async\" class=\"wp-image-1306 alignnone\" src=\"http:\/\/club-polygone.com\/wp-content\/uploads\/2020\/11\/picto-map.jpg\" alt=\"plan\" width=\"23\" height=\"30\" \/> 34A Avenue du Mar\u00e9chal Joffre, 60500, CHANTILLY<br \/><img loading=\"lazy\" decoding=\"async\" class=\"wp-image-1309 alignnone\" src=\"http:\/\/club-polygone.com\/wp-content\/uploads\/2020\/11\/Sans-titre-300x300.png\" alt=\"\" width=\"25\" height=\"25\" srcset=\"https:\/\/club-polygone.com\/wp-content\/uploads\/2020\/11\/Sans-titre-300x300.png 300w, https:\/\/club-polygone.com\/wp-content\/uploads\/2020\/11\/Sans-titre-150x150.png 150w, https:\/\/club-polygone.com\/wp-content\/uploads\/2020\/11\/Sans-titre.png 500w\" sizes=\"auto, (max-width: 25px) 100vw, 25px\" \/> 06 32 41 39 00<br \/><a href=\"mailto:agencea2p.pierre.tryjefaczka@axa.fr\">agencea2p.pierre.tryjefaczka@axa.fr<\/a> | <a href=\"https:\/\/www.axa.fr\/\">www.axa.fr\u00a0<\/a><\/p><\/div>\n\t\t\t\t<\/div>\n\t\t\t\t<\/div>\n\t\t\t\t\t\t<\/div>\n\t\t\t\t\t<\/div>\n\t\t<\/div>\n\t\t\t\t\t\t\t\t<\/div>\n\t\t\t\t\t<\/div>\n\t\t<\/section>\n\t\t\t\t<section class=\"elementor-section elementor-top-section elementor-element elementor-element-32aafe0 elementor-section-boxed elementor-section-height-default elementor-section-height-default\" data-id=\"32aafe0\" data-element_type=\"section\">\n\t\t\t\t\t\t<div class=\"elementor-container elementor-column-gap-default\">\n\t\t\t\t\t\t\t<div class=\"elementor-row\">\n\t\t\t\t\t<div class=\"elementor-column elementor-col-100 elementor-top-column elementor-element elementor-element-3192731\" data-id=\"3192731\" data-element_type=\"column\">\n\t\t\t<div class=\"elementor-column-wrap elementor-element-populated\">\n\t\t\t\t\t\t\t<div class=\"elementor-widget-wrap\">\n\t\t\t\t\t\t<div class=\"elementor-element elementor-element-37ee1e6 elementor-widget elementor-widget-text-editor\" data-id=\"37ee1e6\" data-element_type=\"widget\" data-widget_type=\"text-editor.default\">\n\t\t\t\t<div class=\"elementor-widget-container\">\n\t\t\t\t\t<div class=\"elementor-text-editor elementor-clearfix\"><p style=\"text-align: left;\">Mon agence est install\u00e9e \u00e0 Chantilly, en tant qu&#8217;agent g\u00e9n\u00e9ral AXA Pr\u00e9voyance et Patrimoine, je <strong>conseille mes clients<\/strong> dans le <strong>domaine de la protection sociale et patrimoniale<\/strong>, afin d&#8217;<strong>optimiser leur protection<\/strong>, celle de leurs proches et je les <strong>accompagne dans la protection de leur patrimoine<\/strong>.<\/p>\n<p>Mon approche 360\u00b0 int\u00e8gre l&#8217;<strong>optimisation financi\u00e8re et fiscale en tenant compte du statut professionnel et matrimonial<\/strong> de mes clients.<br \/>Ma d\u00e9marche sur mesure est fond\u00e9e sur une \u00e9tude initiale et un <strong>accompagnement dans le temps des solutions mises en place<\/strong>.<br \/><br \/>Elle int\u00e9resse tout particuli\u00e8rement les <strong>chefs d&#8217;entreprises, les travailleurs non salari\u00e9s, les cadres, et toute personne souhaitant faire un point suite \u00e0 une rupture de vie<\/strong> (personnelle ou professionnelle) afin de <strong>conforter ses acquis et pr\u00e9parer l&#8217;avenir<\/strong>.<\/p><\/div>\n\t\t\t\t<\/div>\n\t\t\t\t<\/div>\n\t\t\t\t\t\t<\/div>\n\t\t\t\t\t<\/div>\n\t\t<\/div>\n\t\t\t\t\t\t\t\t<\/div>\n\t\t\t\t\t<\/div>\n\t\t<\/section>\n\t\t\t\t\t\t<\/div>\n\t\t\t\t\t\t<\/div>\n\t\t\t\t\t<\/div>\n\t\t","protected":false},"excerpt":{"rendered":"<p>Pierre TRYJEFACZKA 34A Avenue du Mar\u00e9chal Joffre, 60500, CHANTILLY 06 32 41 39 00 agencea2p.pierre.tryjefaczka@axa.fr | www.protection-patrimoine.fr Mon agence est install\u00e9e \u00e0 Chantilly, en tant qu&#8217;agent g\u00e9n\u00e9ral AXA Pr\u00e9voyance et Patrimoine, je conseille mes clients dans le domaine de la protection sociale et patrimoniale, afin d&#8217;optimiser leur protection, celle de leurs proches et je les &hellip;<\/p>\n<p class=\"read-more\"> <a class=\"\" href=\"https:\/\/club-polygone.com\/index.php\/axa\/\"> <span class=\"screen-reader-text\">AXA<\/span> Read More &raquo;<\/a><\/p>\n","protected":false},"author":1,"featured_media":0,"parent":0,"menu_order":0,"comment_status":"closed","ping_status":"closed","template":"","meta":{"footnotes":""},"class_list":["post-1440","page","type-page","status-publish","hentry"],"yoast_head":"<!-- This site is optimized with the Yoast SEO plugin v15.9.1 - https:\/\/yoast.com\/wordpress\/plugins\/seo\/ -->\n<title>AXA - Club Polygone<\/title>\n<link rel=\"canonical\" href=\"https:\/\/club-polygone.com\/index.php\/axa\/\" \/>\n<meta property=\"og:locale\" content=\"en_US\" \/>\n<meta property=\"og:type\" content=\"article\" \/>\n<meta property=\"og:title\" content=\"AXA - Club Polygone\" \/>\n<meta property=\"og:description\" content=\"Pierre TRYJEFACZKA 34A Avenue du Mar\u00e9chal Joffre, 60500, CHANTILLY 06 32 41 39 00 agencea2p.pierre.tryjefaczka@axa.fr | www.protection-patrimoine.fr Mon agence est install\u00e9e \u00e0 Chantilly, en tant qu&#8217;agent g\u00e9n\u00e9ral AXA Pr\u00e9voyance et Patrimoine, je conseille mes clients dans le domaine de la protection sociale et patrimoniale, afin d&#8217;optimiser leur protection, celle de leurs proches et je les &hellip; AXA Read More &raquo;\" \/>\n<meta property=\"og:url\" content=\"https:\/\/club-polygone.com\/index.php\/axa\/\" \/>\n<meta property=\"og:site_name\" content=\"Club Polygone\" \/>\n<meta property=\"article:modified_time\" content=\"2021-01-11T15:35:54+00:00\" \/>\n<meta property=\"og:image\" content=\"http:\/\/club-polygone.com\/wp-content\/uploads\/elementor\/thumbs\/1200px-AXA_Logo.svg-oylilymzhewor4wvflhn0dmelvu9i0nwgdtoeuwnz0.png\" \/>\n<meta name=\"twitter:card\" content=\"summary_large_image\" \/>\n<meta name=\"twitter:label1\" content=\"Est. reading time\">\n\t<meta name=\"twitter:data1\" content=\"1 minute\">\n<script type=\"application\/ld+json\" class=\"yoast-schema-graph\">{\"@context\":\"https:\/\/schema.org\",\"@graph\":[{\"@type\":\"WebSite\",\"@id\":\"https:\/\/club-polygone.com\/#website\",\"url\":\"https:\/\/club-polygone.com\/\",\"name\":\"Club Polygone\",\"description\":\"Un r\\u00e9seau d&#039;entreprise \",\"potentialAction\":[{\"@type\":\"SearchAction\",\"target\":\"https:\/\/club-polygone.com\/?s={search_term_string}\",\"query-input\":\"required name=search_term_string\"}],\"inLanguage\":\"en-US\"},{\"@type\":\"ImageObject\",\"@id\":\"https:\/\/club-polygone.com\/index.php\/axa\/#primaryimage\",\"inLanguage\":\"en-US\",\"url\":\"http:\/\/club-polygone.com\/wp-content\/uploads\/elementor\/thumbs\/1200px-AXA_Logo.svg-oylilymzhewor4wvflhn0dmelvu9i0nwgdtoeuwnz0.png\"},{\"@type\":\"WebPage\",\"@id\":\"https:\/\/club-polygone.com\/index.php\/axa\/#webpage\",\"url\":\"https:\/\/club-polygone.com\/index.php\/axa\/\",\"name\":\"AXA - Club Polygone\",\"isPartOf\":{\"@id\":\"https:\/\/club-polygone.com\/#website\"},\"primaryImageOfPage\":{\"@id\":\"https:\/\/club-polygone.com\/index.php\/axa\/#primaryimage\"},\"datePublished\":\"2020-11-27T10:44:53+00:00\",\"dateModified\":\"2021-01-11T15:35:54+00:00\",\"breadcrumb\":{\"@id\":\"https:\/\/club-polygone.com\/index.php\/axa\/#breadcrumb\"},\"inLanguage\":\"en-US\",\"potentialAction\":[{\"@type\":\"ReadAction\",\"target\":[\"https:\/\/club-polygone.com\/index.php\/axa\/\"]}]},{\"@type\":\"BreadcrumbList\",\"@id\":\"https:\/\/club-polygone.com\/index.php\/axa\/#breadcrumb\",\"itemListElement\":[{\"@type\":\"ListItem\",\"position\":1,\"item\":{\"@type\":\"WebPage\",\"@id\":\"https:\/\/club-polygone.com\/\",\"url\":\"https:\/\/club-polygone.com\/\",\"name\":\"Accueil\"}},{\"@type\":\"ListItem\",\"position\":2,\"item\":{\"@type\":\"WebPage\",\"@id\":\"https:\/\/club-polygone.com\/index.php\/axa\/\",\"url\":\"https:\/\/club-polygone.com\/index.php\/axa\/\",\"name\":\"AXA\"}}]}]}<\/script>\n<!-- \/ Yoast SEO plugin. -->","_links":{"self":[{"href":"https:\/\/club-polygone.com\/index.php\/wp-json\/wp\/v2\/pages\/1440","targetHints":{"allow":["GET"]}}],"collection":[{"href":"https:\/\/club-polygone.com\/index.php\/wp-json\/wp\/v2\/pages"}],"about":[{"href":"https:\/\/club-polygone.com\/index.php\/wp-json\/wp\/v2\/types\/page"}],"author":[{"embeddable":true,"href":"https:\/\/club-polygone.com\/index.php\/wp-json\/wp\/v2\/users\/1"}],"replies":[{"embeddable":true,"href":"https:\/\/club-polygone.com\/index.php\/wp-json\/wp\/v2\/comments?post=1440"}],"version-history":[{"count":5,"href":"https:\/\/club-polygone.com\/index.php\/wp-json\/wp\/v2\/pages\/1440\/revisions"}],"predecessor-version":[{"id":1508,"href":"https:\/\/club-polygone.com\/index.php\/wp-json\/wp\/v2\/pages\/1440\/revisions\/1508"}],"wp:attachment":[{"href":"https:\/\/club-polygone.com\/index.php\/wp-json\/wp\/v2\/media?parent=1440"}],"curies":[{"name":"wp","href":"https:\/\/api.w.org\/{rel}","templated":true}]}}