{"id":1476,"date":"2020-12-08T10:01:45","date_gmt":"2020-12-08T09:01:45","guid":{"rendered":"http:\/\/club-polygone.com\/?page_id=1476"},"modified":"2021-09-29T15:50:39","modified_gmt":"2021-09-29T13:50:39","slug":"buroclub","status":"publish","type":"page","link":"https:\/\/club-polygone.com\/index.php\/buroclub\/","title":{"rendered":"BuroClub"},"content":{"rendered":"\t\t<div data-elementor-type=\"wp-page\" data-elementor-id=\"1476\" class=\"elementor elementor-1476\" data-elementor-settings=\"[]\">\n\t\t\t\t\t\t<div class=\"elementor-inner\">\n\t\t\t\t\t\t\t<div class=\"elementor-section-wrap\">\n\t\t\t\t\t\t\t<section class=\"elementor-section elementor-top-section elementor-element elementor-element-57b26841 elementor-section-boxed elementor-section-height-default elementor-section-height-default\" data-id=\"57b26841\" data-element_type=\"section\">\n\t\t\t\t\t\t<div class=\"elementor-container elementor-column-gap-default\">\n\t\t\t\t\t\t\t<div class=\"elementor-row\">\n\t\t\t\t\t<div class=\"elementor-column elementor-col-100 elementor-top-column elementor-element elementor-element-f6b510c\" data-id=\"f6b510c\" data-element_type=\"column\">\n\t\t\t<div class=\"elementor-column-wrap elementor-element-populated\">\n\t\t\t\t\t\t\t<div class=\"elementor-widget-wrap\">\n\t\t\t\t\t\t<div class=\"elementor-element elementor-element-60050cc3 elementor-widget elementor-widget-text-editor\" data-id=\"60050cc3\" data-element_type=\"widget\" data-widget_type=\"text-editor.default\">\n\t\t\t\t<div class=\"elementor-widget-container\">\n\t\t\t\t\t<div class=\"elementor-text-editor elementor-clearfix\"><!-- wp:fl-builder\/layout \/--><\/div>\n\t\t\t\t<\/div>\n\t\t\t\t<\/div>\n\t\t\t\t\t\t<\/div>\n\t\t\t\t\t<\/div>\n\t\t<\/div>\n\t\t\t\t\t\t\t\t<\/div>\n\t\t\t\t\t<\/div>\n\t\t<\/section>\n\t\t\t\t<section class=\"elementor-section elementor-top-section elementor-element elementor-element-36f6923 elementor-section-boxed elementor-section-height-default elementor-section-height-default\" data-id=\"36f6923\" data-element_type=\"section\">\n\t\t\t\t\t\t<div class=\"elementor-container elementor-column-gap-default\">\n\t\t\t\t\t\t\t<div class=\"elementor-row\">\n\t\t\t\t\t<div class=\"elementor-column elementor-col-50 elementor-top-column elementor-element elementor-element-6b43774\" data-id=\"6b43774\" data-element_type=\"column\">\n\t\t\t<div class=\"elementor-column-wrap elementor-element-populated\">\n\t\t\t\t\t\t\t<div class=\"elementor-widget-wrap\">\n\t\t\t\t\t\t<div class=\"elementor-element elementor-element-b76c43c elementor-widget elementor-widget-image\" data-id=\"b76c43c\" data-element_type=\"widget\" data-widget_type=\"image.default\">\n\t\t\t\t<div class=\"elementor-widget-container\">\n\t\t\t\t\t<div class=\"elementor-image\">\n\t\t\t\t\t\t\t\t\t\t\t<a href=\"http:\/\/www.buro.com\">\n\t\t\t\t\t\t\t<img decoding=\"async\" src=\"https:\/\/club-polygone.com\/wp-content\/uploads\/2020\/12\/4_16.jpg\" title=\"4_16\" alt=\"4_16\" \/>\t\t\t\t\t\t\t\t<\/a>\n\t\t\t\t\t\t\t\t\t\t\t<\/div>\n\t\t\t\t<\/div>\n\t\t\t\t<\/div>\n\t\t\t\t\t\t<\/div>\n\t\t\t\t\t<\/div>\n\t\t<\/div>\n\t\t\t\t<div class=\"elementor-column elementor-col-50 elementor-top-column elementor-element elementor-element-3eac22c\" data-id=\"3eac22c\" data-element_type=\"column\">\n\t\t\t<div class=\"elementor-column-wrap elementor-element-populated\">\n\t\t\t\t\t\t\t<div class=\"elementor-widget-wrap\">\n\t\t\t\t\t\t<div class=\"elementor-element elementor-element-3a04c77 elementor-widget elementor-widget-text-editor\" data-id=\"3a04c77\" data-element_type=\"widget\" data-widget_type=\"text-editor.default\">\n\t\t\t\t<div class=\"elementor-widget-container\">\n\t\t\t\t\t<div class=\"elementor-text-editor elementor-clearfix\"><p><b>Servane BUREL<br \/><\/b><img loading=\"lazy\" decoding=\"async\" class=\"wp-image-1306 alignnone\" style=\"font-style: inherit; font-weight: inherit; color: var( --e-global-color-text ); font-family: var( --e-global-typography-text-font-family ), Sans-serif;\" src=\"http:\/\/club-polygone.com\/wp-content\/uploads\/2020\/11\/picto-map.jpg\" alt=\"plan\" width=\"23\" height=\"30\" \/><span style=\"font-size: 14px; color: var( --e-global-color-text ); font-family: var( --e-global-typography-text-font-family ), Sans-serif;\">\u00a075 Avenue Parmentier, 75011, PARIS<br \/><\/span><img loading=\"lazy\" decoding=\"async\" class=\"wp-image-1309 alignnone\" style=\"font-style: inherit; font-weight: inherit; color: var( --e-global-color-text ); font-family: var( --e-global-typography-text-font-family ), Sans-serif;\" src=\"http:\/\/club-polygone.com\/wp-content\/uploads\/2020\/11\/Sans-titre-300x300.png\" alt=\"\" width=\"25\" height=\"25\" srcset=\"https:\/\/club-polygone.com\/wp-content\/uploads\/2020\/11\/Sans-titre-300x300.png 300w, https:\/\/club-polygone.com\/wp-content\/uploads\/2020\/11\/Sans-titre-150x150.png 150w, https:\/\/club-polygone.com\/wp-content\/uploads\/2020\/11\/Sans-titre.png 500w\" sizes=\"auto, (max-width: 25px) 100vw, 25px\" \/>\u00a0<a href=\"http:\/\/www.buro.com\">www.buro.com<\/a><\/p><\/div>\n\t\t\t\t<\/div>\n\t\t\t\t<\/div>\n\t\t\t\t\t\t<\/div>\n\t\t\t\t\t<\/div>\n\t\t<\/div>\n\t\t\t\t\t\t\t\t<\/div>\n\t\t\t\t\t<\/div>\n\t\t<\/section>\n\t\t\t\t\t\t<\/div>\n\t\t\t\t\t\t<\/div>\n\t\t\t\t\t<\/div>\n\t\t","protected":false},"excerpt":{"rendered":"<p>Servane BUREL 6-8 Avenue de Creil, 60300, SENLIS 03 44 53 87 37 | www.buro.com | senlis@buro.com &nbsp; BURO CLUB Senlis propose un service de flex-offices pour t\u00e9l\u00e9travailler, de coworking, des bureaux, des salles de r\u00e9union, un tiers-lieu \u00e0 votre disposition ponctuelle lorsque vous en avez besoin. Les offres flexibles mises en place par Buro &hellip;<\/p>\n<p class=\"read-more\"> <a class=\"\" href=\"https:\/\/club-polygone.com\/index.php\/buroclub\/\"> <span class=\"screen-reader-text\">BuroClub<\/span> Read More &raquo;<\/a><\/p>\n","protected":false},"author":1,"featured_media":0,"parent":0,"menu_order":0,"comment_status":"closed","ping_status":"closed","template":"","meta":{"footnotes":""},"class_list":["post-1476","page","type-page","status-publish","hentry"],"yoast_head":"<!-- This site is optimized with the Yoast SEO plugin v15.9.1 - https:\/\/yoast.com\/wordpress\/plugins\/seo\/ -->\n<title>BuroClub - Club Polygone<\/title>\n<link rel=\"canonical\" href=\"https:\/\/club-polygone.com\/index.php\/buroclub\/\" \/>\n<meta property=\"og:locale\" content=\"en_US\" \/>\n<meta property=\"og:type\" content=\"article\" \/>\n<meta property=\"og:title\" content=\"BuroClub - Club Polygone\" \/>\n<meta property=\"og:description\" content=\"Servane BUREL 6-8 Avenue de Creil, 60300, SENLIS 03 44 53 87 37 | www.buro.com | senlis@buro.com &nbsp; BURO CLUB Senlis propose un service de flex-offices pour t\u00e9l\u00e9travailler, de coworking, des bureaux, des salles de r\u00e9union, un tiers-lieu \u00e0 votre disposition ponctuelle lorsque vous en avez besoin. Les offres flexibles mises en place par Buro &hellip; BuroClub Read More &raquo;\" \/>\n<meta property=\"og:url\" content=\"https:\/\/club-polygone.com\/index.php\/buroclub\/\" \/>\n<meta property=\"og:site_name\" content=\"Club Polygone\" \/>\n<meta property=\"article:modified_time\" content=\"2021-09-29T13:50:39+00:00\" \/>\n<meta property=\"og:image\" content=\"http:\/\/club-polygone.com\/wp-content\/uploads\/elementor\/thumbs\/4_16-ozk1ux9x81nbfzrjcuowdbad8sg4r81yzx7hk4rw8w.jpg\" \/>\n<meta name=\"twitter:card\" content=\"summary_large_image\" \/>\n<meta name=\"twitter:label1\" content=\"Est. reading time\">\n\t<meta name=\"twitter:data1\" content=\"1 minute\">\n<script type=\"application\/ld+json\" class=\"yoast-schema-graph\">{\"@context\":\"https:\/\/schema.org\",\"@graph\":[{\"@type\":\"WebSite\",\"@id\":\"https:\/\/club-polygone.com\/#website\",\"url\":\"https:\/\/club-polygone.com\/\",\"name\":\"Club Polygone\",\"description\":\"Un r\\u00e9seau d&#039;entreprise \",\"potentialAction\":[{\"@type\":\"SearchAction\",\"target\":\"https:\/\/club-polygone.com\/?s={search_term_string}\",\"query-input\":\"required name=search_term_string\"}],\"inLanguage\":\"en-US\"},{\"@type\":\"ImageObject\",\"@id\":\"https:\/\/club-polygone.com\/index.php\/buroclub\/#primaryimage\",\"inLanguage\":\"en-US\",\"url\":\"http:\/\/club-polygone.com\/wp-content\/uploads\/elementor\/thumbs\/4_16-ozk1ux9x81nbfzrjcuowdbad8sg4r81yzx7hk4rw8w.jpg\"},{\"@type\":\"WebPage\",\"@id\":\"https:\/\/club-polygone.com\/index.php\/buroclub\/#webpage\",\"url\":\"https:\/\/club-polygone.com\/index.php\/buroclub\/\",\"name\":\"BuroClub - Club Polygone\",\"isPartOf\":{\"@id\":\"https:\/\/club-polygone.com\/#website\"},\"primaryImageOfPage\":{\"@id\":\"https:\/\/club-polygone.com\/index.php\/buroclub\/#primaryimage\"},\"datePublished\":\"2020-12-08T09:01:45+00:00\",\"dateModified\":\"2021-09-29T13:50:39+00:00\",\"breadcrumb\":{\"@id\":\"https:\/\/club-polygone.com\/index.php\/buroclub\/#breadcrumb\"},\"inLanguage\":\"en-US\",\"potentialAction\":[{\"@type\":\"ReadAction\",\"target\":[\"https:\/\/club-polygone.com\/index.php\/buroclub\/\"]}]},{\"@type\":\"BreadcrumbList\",\"@id\":\"https:\/\/club-polygone.com\/index.php\/buroclub\/#breadcrumb\",\"itemListElement\":[{\"@type\":\"ListItem\",\"position\":1,\"item\":{\"@type\":\"WebPage\",\"@id\":\"https:\/\/club-polygone.com\/\",\"url\":\"https:\/\/club-polygone.com\/\",\"name\":\"Accueil\"}},{\"@type\":\"ListItem\",\"position\":2,\"item\":{\"@type\":\"WebPage\",\"@id\":\"https:\/\/club-polygone.com\/index.php\/buroclub\/\",\"url\":\"https:\/\/club-polygone.com\/index.php\/buroclub\/\",\"name\":\"BuroClub\"}}]}]}<\/script>\n<!-- \/ Yoast SEO plugin. -->","_links":{"self":[{"href":"https:\/\/club-polygone.com\/index.php\/wp-json\/wp\/v2\/pages\/1476","targetHints":{"allow":["GET"]}}],"collection":[{"href":"https:\/\/club-polygone.com\/index.php\/wp-json\/wp\/v2\/pages"}],"about":[{"href":"https:\/\/club-polygone.com\/index.php\/wp-json\/wp\/v2\/types\/page"}],"author":[{"embeddable":true,"href":"https:\/\/club-polygone.com\/index.php\/wp-json\/wp\/v2\/users\/1"}],"replies":[{"embeddable":true,"href":"https:\/\/club-polygone.com\/index.php\/wp-json\/wp\/v2\/comments?post=1476"}],"version-history":[{"count":6,"href":"https:\/\/club-polygone.com\/index.php\/wp-json\/wp\/v2\/pages\/1476\/revisions"}],"predecessor-version":[{"id":1522,"href":"https:\/\/club-polygone.com\/index.php\/wp-json\/wp\/v2\/pages\/1476\/revisions\/1522"}],"wp:attachment":[{"href":"https:\/\/club-polygone.com\/index.php\/wp-json\/wp\/v2\/media?parent=1476"}],"curies":[{"name":"wp","href":"https:\/\/api.w.org\/{rel}","templated":true}]}}