{"id":1587,"date":"2021-09-29T15:47:07","date_gmt":"2021-09-29T13:47:07","guid":{"rendered":"http:\/\/club-polygone.com\/?page_id=1587"},"modified":"2021-09-29T16:48:25","modified_gmt":"2021-09-29T14:48:25","slug":"agence-crea-design","status":"publish","type":"page","link":"https:\/\/club-polygone.com\/index.php\/agence-crea-design\/","title":{"rendered":"Agence Cr\u00e9a Design"},"content":{"rendered":"\n\n\t\n<b>Virginie KAIM<br \/>\n<\/b><img loading=\"lazy\" decoding=\"async\" src=\"http:\/\/club-polygone.com\/wp-content\/uploads\/2020\/11\/picto-map.jpg\" alt=\"plan\" width=\"23\" height=\"30\" \/> 3 Avenue de Gouvieux, 60260, LAMORLAYE<br \/>\n<img loading=\"lazy\" decoding=\"async\" src=\"http:\/\/club-polygone.com\/wp-content\/uploads\/2020\/11\/Sans-titre-300x300.png\" alt=\"\" width=\"25\" height=\"25\" \/> 06 14 09 16 28\u00a0 | <a href=\"http:\/\/www.agence-crea-design.com\/\">www.agence-crea-design.com | virginiekaim@agence-creadesign.com<\/a>\n<p>L&#8217;agence<strong> Cr\u00e9a Design<\/strong>, c&#8217;est une Graphiste &amp; une Formatrice dans l&#8217;Oise et le Val-d&#8217;Oise, qui s&#8217;engage \u00e0 vous proposer de l&#8217;innovation en mati\u00e8re de Communication visuelle.<\/p>\n<p>L&#8217;agence\u00a0<b>Cr\u00e9a Design<\/b> offre des id\u00e9es originales et cr\u00e9atives pour tous vos supports de communication (logo, plaquettes, affiches, packagings, cr\u00e9ation site internet, newsletters&#8230;)<\/p>\n\n","protected":false},"excerpt":{"rendered":"<p>Virginie KAIM 3 Avenue de Gouvieux, 60260, LAMORLAYE 06 14 09 16 28\u00a0 | www.agence-crea-design.com | virginiekaim@agence-creadesign.com L&#8217;agence Cr\u00e9a Design, c&#8217;est une Graphiste &amp; une Formatrice dans l&#8217;Oise et le Val-d&#8217;Oise, qui s&#8217;engage \u00e0 vous proposer de l&#8217;innovation en mati\u00e8re de Communication visuelle. L&#8217;agence\u00a0Cr\u00e9a Design offre des id\u00e9es originales et cr\u00e9atives pour tous vos supports &hellip;<\/p>\n<p class=\"read-more\"> <a class=\"\" href=\"https:\/\/club-polygone.com\/index.php\/agence-crea-design\/\"> <span class=\"screen-reader-text\">Agence Cr\u00e9a Design<\/span> Read More &raquo;<\/a><\/p>\n","protected":false},"author":1,"featured_media":0,"parent":0,"menu_order":0,"comment_status":"closed","ping_status":"closed","template":"","meta":{"footnotes":""},"class_list":["post-1587","page","type-page","status-publish","hentry"],"yoast_head":"<!-- This site is optimized with the Yoast SEO plugin v15.9.1 - https:\/\/yoast.com\/wordpress\/plugins\/seo\/ -->\n<title>Agence Cr\u00e9a Design - Club Polygone<\/title>\n<link rel=\"canonical\" href=\"https:\/\/club-polygone.com\/index.php\/agence-crea-design\/\" \/>\n<meta property=\"og:locale\" content=\"en_US\" \/>\n<meta property=\"og:type\" content=\"article\" \/>\n<meta property=\"og:title\" content=\"Agence Cr\u00e9a Design - Club Polygone\" \/>\n<meta property=\"og:description\" content=\"Virginie KAIM 3 Avenue de Gouvieux, 60260, LAMORLAYE 06 14 09 16 28\u00a0 | www.agence-crea-design.com | virginiekaim@agence-creadesign.com L&#8217;agence Cr\u00e9a Design, c&#8217;est une Graphiste &amp; une Formatrice dans l&#8217;Oise et le Val-d&#8217;Oise, qui s&#8217;engage \u00e0 vous proposer de l&#8217;innovation en mati\u00e8re de Communication visuelle. L&#8217;agence\u00a0Cr\u00e9a Design offre des id\u00e9es originales et cr\u00e9atives pour tous vos supports &hellip; Agence Cr\u00e9a Design Read More &raquo;\" \/>\n<meta property=\"og:url\" content=\"https:\/\/club-polygone.com\/index.php\/agence-crea-design\/\" \/>\n<meta property=\"og:site_name\" content=\"Club Polygone\" \/>\n<meta property=\"article:modified_time\" content=\"2021-09-29T14:48:25+00:00\" \/>\n<meta property=\"og:image\" content=\"http:\/\/club-polygone.com\/wp-content\/uploads\/2020\/11\/picto-map.jpg\" \/>\n<meta name=\"twitter:card\" content=\"summary_large_image\" \/>\n<script type=\"application\/ld+json\" class=\"yoast-schema-graph\">{\"@context\":\"https:\/\/schema.org\",\"@graph\":[{\"@type\":\"WebSite\",\"@id\":\"https:\/\/club-polygone.com\/#website\",\"url\":\"https:\/\/club-polygone.com\/\",\"name\":\"Club Polygone\",\"description\":\"Un r\\u00e9seau d&#039;entreprise \",\"potentialAction\":[{\"@type\":\"SearchAction\",\"target\":\"https:\/\/club-polygone.com\/?s={search_term_string}\",\"query-input\":\"required name=search_term_string\"}],\"inLanguage\":\"en-US\"},{\"@type\":\"ImageObject\",\"@id\":\"https:\/\/club-polygone.com\/index.php\/agence-crea-design\/#primaryimage\",\"inLanguage\":\"en-US\",\"url\":\"http:\/\/club-polygone.com\/wp-content\/uploads\/2020\/11\/picto-map.jpg\"},{\"@type\":\"WebPage\",\"@id\":\"https:\/\/club-polygone.com\/index.php\/agence-crea-design\/#webpage\",\"url\":\"https:\/\/club-polygone.com\/index.php\/agence-crea-design\/\",\"name\":\"Agence Cr\\u00e9a Design - Club Polygone\",\"isPartOf\":{\"@id\":\"https:\/\/club-polygone.com\/#website\"},\"primaryImageOfPage\":{\"@id\":\"https:\/\/club-polygone.com\/index.php\/agence-crea-design\/#primaryimage\"},\"datePublished\":\"2021-09-29T13:47:07+00:00\",\"dateModified\":\"2021-09-29T14:48:25+00:00\",\"breadcrumb\":{\"@id\":\"https:\/\/club-polygone.com\/index.php\/agence-crea-design\/#breadcrumb\"},\"inLanguage\":\"en-US\",\"potentialAction\":[{\"@type\":\"ReadAction\",\"target\":[\"https:\/\/club-polygone.com\/index.php\/agence-crea-design\/\"]}]},{\"@type\":\"BreadcrumbList\",\"@id\":\"https:\/\/club-polygone.com\/index.php\/agence-crea-design\/#breadcrumb\",\"itemListElement\":[{\"@type\":\"ListItem\",\"position\":1,\"item\":{\"@type\":\"WebPage\",\"@id\":\"https:\/\/club-polygone.com\/\",\"url\":\"https:\/\/club-polygone.com\/\",\"name\":\"Accueil\"}},{\"@type\":\"ListItem\",\"position\":2,\"item\":{\"@type\":\"WebPage\",\"@id\":\"https:\/\/club-polygone.com\/index.php\/agence-crea-design\/\",\"url\":\"https:\/\/club-polygone.com\/index.php\/agence-crea-design\/\",\"name\":\"Agence Cr\\u00e9a Design\"}}]}]}<\/script>\n<!-- \/ Yoast SEO plugin. -->","_links":{"self":[{"href":"https:\/\/club-polygone.com\/index.php\/wp-json\/wp\/v2\/pages\/1587","targetHints":{"allow":["GET"]}}],"collection":[{"href":"https:\/\/club-polygone.com\/index.php\/wp-json\/wp\/v2\/pages"}],"about":[{"href":"https:\/\/club-polygone.com\/index.php\/wp-json\/wp\/v2\/types\/page"}],"author":[{"embeddable":true,"href":"https:\/\/club-polygone.com\/index.php\/wp-json\/wp\/v2\/users\/1"}],"replies":[{"embeddable":true,"href":"https:\/\/club-polygone.com\/index.php\/wp-json\/wp\/v2\/comments?post=1587"}],"version-history":[{"count":6,"href":"https:\/\/club-polygone.com\/index.php\/wp-json\/wp\/v2\/pages\/1587\/revisions"}],"predecessor-version":[{"id":1595,"href":"https:\/\/club-polygone.com\/index.php\/wp-json\/wp\/v2\/pages\/1587\/revisions\/1595"}],"wp:attachment":[{"href":"https:\/\/club-polygone.com\/index.php\/wp-json\/wp\/v2\/media?parent=1587"}],"curies":[{"name":"wp","href":"https:\/\/api.w.org\/{rel}","templated":true}]}}