{"id":1596,"date":"2021-09-29T16:02:50","date_gmt":"2021-09-29T14:02:50","guid":{"rendered":"http:\/\/club-polygone.com\/?page_id=1596"},"modified":"2021-09-29T16:11:54","modified_gmt":"2021-09-29T14:11:54","slug":"vendeurs-delite","status":"publish","type":"page","link":"https:\/\/club-polygone.com\/index.php\/vendeurs-delite\/","title":{"rendered":"Vendeurs d&#8217;Elite"},"content":{"rendered":"\n\n\t\n<b>Axelle GALLOIS<br \/>\n<\/b><img loading=\"lazy\" decoding=\"async\" src=\"http:\/\/club-polygone.com\/wp-content\/uploads\/2020\/11\/picto-map.jpg\" alt=\"plan\" width=\"23\" height=\"30\" \/> 19 Rue du Ch\u00e2teau, 60300, FONTAINE CHAALIS<br \/>\n<img loading=\"lazy\" decoding=\"async\" src=\"http:\/\/club-polygone.com\/wp-content\/uploads\/2020\/11\/Sans-titre-300x300.png\" alt=\"\" width=\"25\" height=\"25\" \/> 06 14 09 16 28\u00a0 | <a href=\"contact@axellegallois-conseil.fr\">www.vendeurs-elite.fr | contact@axellegallois-conseil.fr<\/a>\n<p>J&#8217;aide les Commerciaux et les Entrepreneurs \u00e0 vendre plus, plus vite et plus cher, avec plus d&#8217;aisance, de d\u00e9termination et de confiance. Je forme avec conviction, \u00e9nergie et passion aux techniques in\u00e9dites du cabinet <strong>VENDEURS D&#8217;ELITE<\/strong> pour provoquer de v\u00e9ritables prises de consciences.<\/p>\n<p>Mon objectif ultime est de regonfler durablement votre confiance et augmenter vos performances pour vous et pour vos \u00e9quipes.<\/p>\n\n","protected":false},"excerpt":{"rendered":"<p>Axelle GALLOIS 19 Rue du Ch\u00e2teau, 60300, FONTAINE CHAALIS 06 14 09 16 28\u00a0 | www.vendeurs-elite.fr | contact@axellegallois-conseil.fr J&#8217;aide les Commerciaux et les Entrepreneurs \u00e0 vendre plus, plus vite et plus cher, avec plus d&#8217;aisance, de d\u00e9termination et de confiance. Je forme avec conviction, \u00e9nergie et passion aux techniques in\u00e9dites du cabinet VENDEURS D&#8217;ELITE pour &hellip;<\/p>\n<p class=\"read-more\"> <a class=\"\" href=\"https:\/\/club-polygone.com\/index.php\/vendeurs-delite\/\"> <span class=\"screen-reader-text\">Vendeurs d&#8217;Elite<\/span> Read More &raquo;<\/a><\/p>\n","protected":false},"author":1,"featured_media":0,"parent":0,"menu_order":0,"comment_status":"closed","ping_status":"closed","template":"","meta":{"footnotes":""},"class_list":["post-1596","page","type-page","status-publish","hentry"],"yoast_head":"<!-- This site is optimized with the Yoast SEO plugin v15.9.1 - https:\/\/yoast.com\/wordpress\/plugins\/seo\/ -->\n<title>Vendeurs d&#039;Elite - Club Polygone<\/title>\n<link rel=\"canonical\" href=\"https:\/\/club-polygone.com\/index.php\/vendeurs-delite\/\" \/>\n<meta property=\"og:locale\" content=\"en_US\" \/>\n<meta property=\"og:type\" content=\"article\" \/>\n<meta property=\"og:title\" content=\"Vendeurs d&#039;Elite - Club Polygone\" \/>\n<meta property=\"og:description\" content=\"Axelle GALLOIS 19 Rue du Ch\u00e2teau, 60300, FONTAINE CHAALIS 06 14 09 16 28\u00a0 | www.vendeurs-elite.fr | contact@axellegallois-conseil.fr J&#8217;aide les Commerciaux et les Entrepreneurs \u00e0 vendre plus, plus vite et plus cher, avec plus d&#8217;aisance, de d\u00e9termination et de confiance. Je forme avec conviction, \u00e9nergie et passion aux techniques in\u00e9dites du cabinet VENDEURS D&#8217;ELITE pour &hellip; Vendeurs d&#8217;Elite Read More &raquo;\" \/>\n<meta property=\"og:url\" content=\"https:\/\/club-polygone.com\/index.php\/vendeurs-delite\/\" \/>\n<meta property=\"og:site_name\" content=\"Club Polygone\" \/>\n<meta property=\"article:modified_time\" content=\"2021-09-29T14:11:54+00:00\" \/>\n<meta property=\"og:image\" content=\"http:\/\/club-polygone.com\/wp-content\/uploads\/2020\/11\/picto-map.jpg\" \/>\n<meta name=\"twitter:card\" content=\"summary_large_image\" \/>\n<script type=\"application\/ld+json\" class=\"yoast-schema-graph\">{\"@context\":\"https:\/\/schema.org\",\"@graph\":[{\"@type\":\"WebSite\",\"@id\":\"https:\/\/club-polygone.com\/#website\",\"url\":\"https:\/\/club-polygone.com\/\",\"name\":\"Club Polygone\",\"description\":\"Un r\\u00e9seau d&#039;entreprise \",\"potentialAction\":[{\"@type\":\"SearchAction\",\"target\":\"https:\/\/club-polygone.com\/?s={search_term_string}\",\"query-input\":\"required name=search_term_string\"}],\"inLanguage\":\"en-US\"},{\"@type\":\"ImageObject\",\"@id\":\"https:\/\/club-polygone.com\/index.php\/vendeurs-delite\/#primaryimage\",\"inLanguage\":\"en-US\",\"url\":\"http:\/\/club-polygone.com\/wp-content\/uploads\/2020\/11\/picto-map.jpg\"},{\"@type\":\"WebPage\",\"@id\":\"https:\/\/club-polygone.com\/index.php\/vendeurs-delite\/#webpage\",\"url\":\"https:\/\/club-polygone.com\/index.php\/vendeurs-delite\/\",\"name\":\"Vendeurs d'Elite - Club Polygone\",\"isPartOf\":{\"@id\":\"https:\/\/club-polygone.com\/#website\"},\"primaryImageOfPage\":{\"@id\":\"https:\/\/club-polygone.com\/index.php\/vendeurs-delite\/#primaryimage\"},\"datePublished\":\"2021-09-29T14:02:50+00:00\",\"dateModified\":\"2021-09-29T14:11:54+00:00\",\"breadcrumb\":{\"@id\":\"https:\/\/club-polygone.com\/index.php\/vendeurs-delite\/#breadcrumb\"},\"inLanguage\":\"en-US\",\"potentialAction\":[{\"@type\":\"ReadAction\",\"target\":[\"https:\/\/club-polygone.com\/index.php\/vendeurs-delite\/\"]}]},{\"@type\":\"BreadcrumbList\",\"@id\":\"https:\/\/club-polygone.com\/index.php\/vendeurs-delite\/#breadcrumb\",\"itemListElement\":[{\"@type\":\"ListItem\",\"position\":1,\"item\":{\"@type\":\"WebPage\",\"@id\":\"https:\/\/club-polygone.com\/\",\"url\":\"https:\/\/club-polygone.com\/\",\"name\":\"Accueil\"}},{\"@type\":\"ListItem\",\"position\":2,\"item\":{\"@type\":\"WebPage\",\"@id\":\"https:\/\/club-polygone.com\/index.php\/vendeurs-delite\/\",\"url\":\"https:\/\/club-polygone.com\/index.php\/vendeurs-delite\/\",\"name\":\"Vendeurs d&#8217;Elite\"}}]}]}<\/script>\n<!-- \/ Yoast SEO plugin. -->","_links":{"self":[{"href":"https:\/\/club-polygone.com\/index.php\/wp-json\/wp\/v2\/pages\/1596","targetHints":{"allow":["GET"]}}],"collection":[{"href":"https:\/\/club-polygone.com\/index.php\/wp-json\/wp\/v2\/pages"}],"about":[{"href":"https:\/\/club-polygone.com\/index.php\/wp-json\/wp\/v2\/types\/page"}],"author":[{"embeddable":true,"href":"https:\/\/club-polygone.com\/index.php\/wp-json\/wp\/v2\/users\/1"}],"replies":[{"embeddable":true,"href":"https:\/\/club-polygone.com\/index.php\/wp-json\/wp\/v2\/comments?post=1596"}],"version-history":[{"count":4,"href":"https:\/\/club-polygone.com\/index.php\/wp-json\/wp\/v2\/pages\/1596\/revisions"}],"predecessor-version":[{"id":1601,"href":"https:\/\/club-polygone.com\/index.php\/wp-json\/wp\/v2\/pages\/1596\/revisions\/1601"}],"wp:attachment":[{"href":"https:\/\/club-polygone.com\/index.php\/wp-json\/wp\/v2\/media?parent=1596"}],"curies":[{"name":"wp","href":"https:\/\/api.w.org\/{rel}","templated":true}]}}