{"id":3,"date":"2020-11-09T15:00:24","date_gmt":"2020-11-09T14:00:24","guid":{"rendered":"http:\/\/club-polygone.com\/?page_id=3"},"modified":"2020-11-24T12:10:20","modified_gmt":"2020-11-24T11:10:20","slug":"politique-de-confidentialite","status":"publish","type":"page","link":"https:\/\/club-polygone.com\/index.php\/politique-de-confidentialite\/","title":{"rendered":"Politique de confidentialit\u00e9"},"content":{"rendered":"\n\t\t\t\t<img loading=\"lazy\" decoding=\"async\" src=\"http:\/\/club-polygone.com\/wp-content\/uploads\/2020\/11\/picto-polygone-1-150x150.jpg\" alt=\"picto polygone 1\" itemprop=\"image\" height=\"150\" width=\"150\" title=\"picto polygone 1\" onerror=\"this.style.display='none'\"  \/>\n\t<h2>Qui sommes-nous ?<\/h2>\nAdresse : D606E, 60300 Apremont<br \/>\nAdresse \u00e9lectronique :\u00a0<a href=\"mailto:virginiekaim@agence-creadesign.com\">club-polygone@gmail.com<\/a>\n<p>L\u2019adresse de notre site Web est : <a href=\"http:\/\/club-polygone.com\/\">http:\/\/club-polygone.com\/<\/a><\/p>\n<p>&nbsp;<\/p>\n<h2>Utilisation des donn\u00e9es personnelles collect\u00e9es<\/h2>\n<h3>Commentaires<\/h3>\n<p>Quand vous laissez un commentaire sur notre site web, les donn\u00e9es inscrites dans le formulaire de commentaire, mais aussi votre adresse IP et l\u2019agent utilisateur de votre navigateur sont collect\u00e9s pour nous aider \u00e0 la d\u00e9tection des commentaires ind\u00e9sirables.<\/p>\n<p>Une cha\u00eene anonymis\u00e9e cr\u00e9\u00e9e \u00e0 partir de votre adresse de messagerie (\u00e9galement appel\u00e9e hash) peut \u00eatre envoy\u00e9e au service Gravatar pour v\u00e9rifier si vous utilisez ce dernier. Les clauses de confidentialit\u00e9 du service Gravatar sont disponibles ici :<a href=\"https:\/\/automattic.com\/privacy\/\">https:\/\/automattic.com\/privacy\/<\/a>. Apr\u00e8s validation de votre commentaire, votre photo de profil sera visible publiquement \u00e0 cot\u00e9 de votre commentaire.<\/p>\n<h3>M\u00e9dias<\/h3>\n<p>Si vous \u00eates un utilisateur ou une utilisatrice enregistr\u00e9\u00b7e et que vous t\u00e9l\u00e9versez des images sur le site web, nous vous conseillons d\u2019\u00e9viter de t\u00e9l\u00e9verser des images contenant des donn\u00e9es EXIF de coordonn\u00e9es GPS. Les visiteurs de votre site web peuvent t\u00e9l\u00e9charger et extraire des donn\u00e9es de localisation depuis ces images.<\/p>\n<h3>Formulaires de contact<\/h3>\n<p>Si vous utilisez le formulaire de contact, les donn\u00e9es collect\u00e9es sont les suivantes : Nom, Adresse email et num\u00e9ro de t\u00e9l\u00e9phone.<\/p>\n<p>Nous conservons les donn\u00e9es collect\u00e9es via le formulaire de contact pendant 3 ans maximum pour les questions li\u00e9es au service client, mais nous n\u2019utiliserons ni ne c\u00e9derons ces donn\u00e9es \u00e0 des fins commerciales.<\/p>\n<h3>Cookies<\/h3>\n<p>Si vous d\u00e9posez un commentaire sur notre site, il vous sera propos\u00e9 d\u2019enregistrer votre nom, adresse de messagerie et site web dans des cookies. C\u2019est uniquement pour votre confort afin de ne pas avoir \u00e0 saisir ces informations si vous d\u00e9posez un autre commentaire plus tard. Ces cookies expirent au bout d\u2019un an.<\/p>\n<p>Si vous avez un compte et que vous vous connectez sur ce site, un cookie temporaire sera cr\u00e9\u00e9 afin de d\u00e9terminer si votre navigateur accepte les cookies. Il ne contient pas de donn\u00e9es personnelles et sera supprim\u00e9 automatiquement \u00e0 la fermeture de votre navigateur.<\/p>\n<p>Lorsque vous vous connecterez, nous mettrons en place un certain nombre de cookies pour enregistrer vos informations de connexion et vos pr\u00e9f\u00e9rences d\u2019\u00e9cran. La dur\u00e9e de vie d\u2019un cookie de connexion est de deux jours, celle d\u2019un cookie d\u2019option d\u2019\u00e9cran est d\u2019un an. Si vous cochez \u00ab Se souvenir de moi \u00bb, votre cookie de connexion sera conserv\u00e9 pendant deux semaines. Si vous vous d\u00e9connectez de votre compte, le cookie de connexion sera effac\u00e9.<\/p>\n<p>En modifiant ou en publiant un article, un cookie suppl\u00e9mentaire sera enregistr\u00e9 dans votre navigateur. Ce cookie ne comprend aucune donn\u00e9e personnelle. Il indique simplement l\u2019identifiant de l\u2019article que vous venez de modifier. Il expire au bout d\u2019un jour.<\/p>\n<h3>Contenu embarqu\u00e9 depuis d\u2019autres sites<\/h3>\n<p>Les articles de ce site peuvent inclure des contenus int\u00e9gr\u00e9s (par exemple des vid\u00e9os, images, articles\u2026). Le contenu int\u00e9gr\u00e9 depuis d\u2019autres sites se comporte de la m\u00eame mani\u00e8re que si le visiteur se rendait sur cet autre site.<\/p>\n<p>Ces sites web pourraient collecter des donn\u00e9es sur vous, utiliser des cookies, embarquer des outils de suivis tiers, suivre vos interactions avec ces contenus embarqu\u00e9s si vous disposez d\u2019un compte connect\u00e9 sur leur site web.<\/p>\n<h3>Statistiques et mesures d\u2019audience<\/h3>\n<p>Afin de pouvoir mesurer l\u2019audience de ce site, Google Analytics utilise des cookies. Vous pouvez acc\u00e9der \u00e0 la clause de confidentialit\u00e9 de Google Analytics ici : <a href=\"https:\/\/www.google.com\/analytics\/learn\/privacy.html?hl=fr\">https:\/\/www.google.com\/analytics\/learn\/privacy.html?hl=fr<\/a><\/p>\n<h3>Utilisation et transmission de vos donn\u00e9es personnelles<\/h3>\n<p>Voici la liste des outils et extensions utilis\u00e9s sur ce site web et susceptibles de collecter des donn\u00e9es personnelles. Vous pourrez acc\u00e9der \u00e0 leur politique de confidentialit\u00e9 via les liens suivants :<\/p>\nContact Form 7, Formulaire de contact : <a href=\"https:\/\/contactform7.com\/privacy-policy\/\">https:\/\/contactform7.com\/privacy-policy\/<\/a><br \/>\nGoogle Analytics, suivi d\u2019audience : <a href=\"https:\/\/www.google.com\/analytics\/learn\/privacy.html?hl=fr\">https:\/\/www.google.com\/analytics\/learn\/privacy.html?hl=fr<\/a><br \/>\nCookie Notice, Consentement d\u2019utilisation de cookies :\u00a0<a href=\"https:\/\/dfactory.eu\/privacy-policy\/\">https:\/\/dfactory.eu\/privacy-policy\/<\/a>\n<h3>Dur\u00e9e de stockage de vos donn\u00e9es<\/h3>\n<p>Toutes les donn\u00e9es personnelles collect\u00e9es sur ce site web sont stock\u00e9es pour une dur\u00e9e maximale de 3 ans.<\/p>\n<h3>Les droits que vous avez sur vos donn\u00e9es<\/h3>\n<p>Si vous avez laiss\u00e9 des commentaires sur le site, si vous vous \u00eates abonn\u00e9s \u00e0 la newsletter ou si vous avez envoy\u00e9 un message via le formulaire, vous pouvez demander \u00e0 recevoir un fichier contenant toutes les donn\u00e9es personnelles que nous poss\u00e9dons \u00e0 votre sujet, incluant celles que vous nous avez fournies. Vous pouvez \u00e9galement demander la suppression des donn\u00e9es personnelles vous concernant. Cela ne prend pas en compte les donn\u00e9es stock\u00e9es \u00e0 des fins administratives, l\u00e9gales ou pour des raisons de s\u00e9curit\u00e9.<\/p>\n<p>Votre demande peut \u00eatre envoy\u00e9e \u00e0 l\u2019adresse suivante :\u00a0<a href=\"mailto:club-polygone@gmail.com\">club-polygone@gmail.com<\/a><\/p>\n<h3>Informations de contact<\/h3>\n<p>Pour toute question ou demande concernant vos donn\u00e9es personnelles, vous pouvez \u00e9crire \u00e0 l\u2019adresse suivante : <a href=\"mailto:club-polygone@gmail.com\">club-polygone@gmail.com<\/a><\/p>\n<p>&nbsp;<\/p>\n<h2>Informations suppl\u00e9mentaires<\/h2>\n<h3>Comment nous prot\u00e9geons vos donn\u00e9es<\/h3>\n<p>L\u2019int\u00e9gralit\u00e9 de la navigation sur ce site est s\u00e9curis\u00e9e par un certificat SSL \u00e0 jour qui crypte toutes les donn\u00e9es du site web.<\/p>\n<h3>Proc\u00e9dures mises en \u0153uvre en cas de fuite de donn\u00e9es<\/h3>\n<p>En cas de fuite de donn\u00e9es personnelles, nous nous engageons \u00e0 vous pr\u00e9venir imm\u00e9diatement par email et \u00e0 en r\u00e9f\u00e9rer \u00e0 la CNIL dans les 72 heures.<\/p>\n","protected":false},"excerpt":{"rendered":"<p>Qui sommes-nous ? Adresse : D606E, 60300 Apremont Adresse \u00e9lectronique :\u00a0club-polygone@gmail.com L\u2019adresse de notre site Web est : http:\/\/club-polygone.com\/ &nbsp; Utilisation des donn\u00e9es personnelles collect\u00e9es Commentaires Quand vous laissez un commentaire sur notre site web, les donn\u00e9es inscrites dans le formulaire de commentaire, mais aussi votre adresse IP et l\u2019agent utilisateur de votre navigateur sont &hellip;<\/p>\n<p class=\"read-more\"> <a class=\"\" href=\"https:\/\/club-polygone.com\/index.php\/politique-de-confidentialite\/\"> <span class=\"screen-reader-text\">Politique de confidentialit\u00e9<\/span> Read More &raquo;<\/a><\/p>\n","protected":false},"author":1,"featured_media":0,"parent":0,"menu_order":0,"comment_status":"closed","ping_status":"open","template":"","meta":{"footnotes":""},"class_list":["post-3","page","type-page","status-publish","hentry"],"yoast_head":"<!-- This site is optimized with the Yoast SEO plugin v15.9.1 - https:\/\/yoast.com\/wordpress\/plugins\/seo\/ -->\n<title>Politique de confidentialit\u00e9 - Club Polygone<\/title>\n<link rel=\"canonical\" href=\"https:\/\/club-polygone.com\/index.php\/politique-de-confidentialite\/\" \/>\n<meta property=\"og:locale\" content=\"en_US\" \/>\n<meta property=\"og:type\" content=\"article\" \/>\n<meta property=\"og:title\" content=\"Politique de confidentialit\u00e9 - Club Polygone\" \/>\n<meta property=\"og:description\" content=\"Qui sommes-nous ? Adresse : D606E, 60300 Apremont Adresse \u00e9lectronique :\u00a0club-polygone@gmail.com L\u2019adresse de notre site Web est : http:\/\/club-polygone.com\/ &nbsp; Utilisation des donn\u00e9es personnelles collect\u00e9es Commentaires Quand vous laissez un commentaire sur notre site web, les donn\u00e9es inscrites dans le formulaire de commentaire, mais aussi votre adresse IP et l\u2019agent utilisateur de votre navigateur sont &hellip; Politique de confidentialit\u00e9 Read More &raquo;\" \/>\n<meta property=\"og:url\" content=\"https:\/\/club-polygone.com\/index.php\/politique-de-confidentialite\/\" \/>\n<meta property=\"og:site_name\" content=\"Club Polygone\" \/>\n<meta property=\"article:modified_time\" content=\"2020-11-24T11:10:20+00:00\" \/>\n<meta property=\"og:image\" content=\"http:\/\/club-polygone.com\/wp-content\/uploads\/2020\/11\/picto-polygone-1-150x150.jpg\" \/>\n<meta name=\"twitter:card\" content=\"summary_large_image\" \/>\n<meta name=\"twitter:label1\" content=\"Est. reading time\">\n\t<meta name=\"twitter:data1\" content=\"5 minutes\">\n<script type=\"application\/ld+json\" class=\"yoast-schema-graph\">{\"@context\":\"https:\/\/schema.org\",\"@graph\":[{\"@type\":\"WebSite\",\"@id\":\"https:\/\/club-polygone.com\/#website\",\"url\":\"https:\/\/club-polygone.com\/\",\"name\":\"Club Polygone\",\"description\":\"Un r\\u00e9seau d&#039;entreprise \",\"potentialAction\":[{\"@type\":\"SearchAction\",\"target\":\"https:\/\/club-polygone.com\/?s={search_term_string}\",\"query-input\":\"required name=search_term_string\"}],\"inLanguage\":\"en-US\"},{\"@type\":\"ImageObject\",\"@id\":\"https:\/\/club-polygone.com\/index.php\/politique-de-confidentialite\/#primaryimage\",\"inLanguage\":\"en-US\",\"url\":\"http:\/\/club-polygone.com\/wp-content\/uploads\/2020\/11\/picto-polygone-1-150x150.jpg\"},{\"@type\":\"WebPage\",\"@id\":\"https:\/\/club-polygone.com\/index.php\/politique-de-confidentialite\/#webpage\",\"url\":\"https:\/\/club-polygone.com\/index.php\/politique-de-confidentialite\/\",\"name\":\"Politique de confidentialit\\u00e9 - Club Polygone\",\"isPartOf\":{\"@id\":\"https:\/\/club-polygone.com\/#website\"},\"primaryImageOfPage\":{\"@id\":\"https:\/\/club-polygone.com\/index.php\/politique-de-confidentialite\/#primaryimage\"},\"datePublished\":\"2020-11-09T14:00:24+00:00\",\"dateModified\":\"2020-11-24T11:10:20+00:00\",\"breadcrumb\":{\"@id\":\"https:\/\/club-polygone.com\/index.php\/politique-de-confidentialite\/#breadcrumb\"},\"inLanguage\":\"en-US\",\"potentialAction\":[{\"@type\":\"ReadAction\",\"target\":[\"https:\/\/club-polygone.com\/index.php\/politique-de-confidentialite\/\"]}]},{\"@type\":\"BreadcrumbList\",\"@id\":\"https:\/\/club-polygone.com\/index.php\/politique-de-confidentialite\/#breadcrumb\",\"itemListElement\":[{\"@type\":\"ListItem\",\"position\":1,\"item\":{\"@type\":\"WebPage\",\"@id\":\"https:\/\/club-polygone.com\/\",\"url\":\"https:\/\/club-polygone.com\/\",\"name\":\"Accueil\"}},{\"@type\":\"ListItem\",\"position\":2,\"item\":{\"@type\":\"WebPage\",\"@id\":\"https:\/\/club-polygone.com\/index.php\/politique-de-confidentialite\/\",\"url\":\"https:\/\/club-polygone.com\/index.php\/politique-de-confidentialite\/\",\"name\":\"Politique de confidentialit\\u00e9\"}}]}]}<\/script>\n<!-- \/ Yoast SEO plugin. -->","_links":{"self":[{"href":"https:\/\/club-polygone.com\/index.php\/wp-json\/wp\/v2\/pages\/3","targetHints":{"allow":["GET"]}}],"collection":[{"href":"https:\/\/club-polygone.com\/index.php\/wp-json\/wp\/v2\/pages"}],"about":[{"href":"https:\/\/club-polygone.com\/index.php\/wp-json\/wp\/v2\/types\/page"}],"author":[{"embeddable":true,"href":"https:\/\/club-polygone.com\/index.php\/wp-json\/wp\/v2\/users\/1"}],"replies":[{"embeddable":true,"href":"https:\/\/club-polygone.com\/index.php\/wp-json\/wp\/v2\/comments?post=3"}],"version-history":[{"count":4,"href":"https:\/\/club-polygone.com\/index.php\/wp-json\/wp\/v2\/pages\/3\/revisions"}],"predecessor-version":[{"id":1326,"href":"https:\/\/club-polygone.com\/index.php\/wp-json\/wp\/v2\/pages\/3\/revisions\/1326"}],"wp:attachment":[{"href":"https:\/\/club-polygone.com\/index.php\/wp-json\/wp\/v2\/media?parent=3"}],"curies":[{"name":"wp","href":"https:\/\/api.w.org\/{rel}","templated":true}]}}